{"id":1446,"date":"2020-09-28T20:45:44","date_gmt":"2020-09-28T20:45:44","guid":{"rendered":"https:\/\/ncchpp.wpengine.com\/?page_id=1446"},"modified":"2023-07-17T20:21:51","modified_gmt":"2023-07-17T20:21:51","slug":"le-centre","status":"publish","type":"page","link":"https:\/\/ccnpps-ncchpp.ca\/fr\/le-centre\/","title":{"rendered":"Le Centre"},"content":{"rendered":"<p>[et_pb_section fb_built=\u00a0\u00bb1&Prime; _builder_version=\u00a0\u00bb3.27.4&Prime; custom_padding=\u00a0\u00bb0px|||||\u00a0\u00bb][et_pb_row _builder_version=\u00a0\u00bb3.27.4&Prime;][et_pb_column type=\u00a0\u00bb4_4&Prime; _builder_version=\u00a0\u00bb3.27.4&Prime;][et_pb_text _builder_version=\u00a0\u00bb4.9.1&Prime; hover_enabled=\u00a0\u00bb0&Prime; z_index_tablet=\u00a0\u00bb500&Prime; text_text_shadow_horizontal_length_tablet=\u00a0\u00bb0px\u00a0\u00bb text_text_shadow_vertical_length_tablet=\u00a0\u00bb0px\u00a0\u00bb text_text_shadow_blur_strength_tablet=\u00a0\u00bb1px\u00a0\u00bb link_text_shadow_horizontal_length_tablet=\u00a0\u00bb0px\u00a0\u00bb link_text_shadow_vertical_length_tablet=\u00a0\u00bb0px\u00a0\u00bb link_text_shadow_blur_strength_tablet=\u00a0\u00bb1px\u00a0\u00bb ul_text_shadow_horizontal_length_tablet=\u00a0\u00bb0px\u00a0\u00bb ul_text_shadow_vertical_length_tablet=\u00a0\u00bb0px\u00a0\u00bb ul_text_shadow_blur_strength_tablet=\u00a0\u00bb1px\u00a0\u00bb ol_text_shadow_horizontal_length_tablet=\u00a0\u00bb0px\u00a0\u00bb ol_text_shadow_vertical_length_tablet=\u00a0\u00bb0px\u00a0\u00bb ol_text_shadow_blur_strength_tablet=\u00a0\u00bb1px\u00a0\u00bb quote_text_shadow_horizontal_length_tablet=\u00a0\u00bb0px\u00a0\u00bb quote_text_shadow_vertical_length_tablet=\u00a0\u00bb0px\u00a0\u00bb quote_text_shadow_blur_strength_tablet=\u00a0\u00bb1px\u00a0\u00bb header_text_shadow_horizontal_length_tablet=\u00a0\u00bb0px\u00a0\u00bb header_text_shadow_vertical_length_tablet=\u00a0\u00bb0px\u00a0\u00bb header_text_shadow_blur_strength_tablet=\u00a0\u00bb1px\u00a0\u00bb header_2_text_shadow_horizontal_length_tablet=\u00a0\u00bb0px\u00a0\u00bb header_2_text_shadow_vertical_length_tablet=\u00a0\u00bb0px\u00a0\u00bb header_2_text_shadow_blur_strength_tablet=\u00a0\u00bb1px\u00a0\u00bb header_3_text_shadow_horizontal_length_tablet=\u00a0\u00bb0px\u00a0\u00bb header_3_text_shadow_vertical_length_tablet=\u00a0\u00bb0px\u00a0\u00bb header_3_text_shadow_blur_strength_tablet=\u00a0\u00bb1px\u00a0\u00bb header_4_text_shadow_horizontal_length_tablet=\u00a0\u00bb0px\u00a0\u00bb header_4_text_shadow_vertical_length_tablet=\u00a0\u00bb0px\u00a0\u00bb header_4_text_shadow_blur_strength_tablet=\u00a0\u00bb1px\u00a0\u00bb header_5_text_shadow_horizontal_length_tablet=\u00a0\u00bb0px\u00a0\u00bb header_5_text_shadow_vertical_length_tablet=\u00a0\u00bb0px\u00a0\u00bb header_5_text_shadow_blur_strength_tablet=\u00a0\u00bb1px\u00a0\u00bb header_6_text_shadow_horizontal_length_tablet=\u00a0\u00bb0px\u00a0\u00bb header_6_text_shadow_vertical_length_tablet=\u00a0\u00bb0px\u00a0\u00bb header_6_text_shadow_blur_strength_tablet=\u00a0\u00bb1px\u00a0\u00bb box_shadow_horizontal_tablet=\u00a0\u00bb0px\u00a0\u00bb box_shadow_vertical_tablet=\u00a0\u00bb0px\u00a0\u00bb box_shadow_blur_tablet=\u00a0\u00bb40px\u00a0\u00bb box_shadow_spread_tablet=\u00a0\u00bb0px\u00a0\u00bb sticky_enabled=\u00a0\u00bb0&Prime;]<\/p>\n<h1>Le Centre<\/h1>\n<p>Le Centre de collaboration nationale sur les politiques publiques et la sant\u00e9 (CCNPPS) est un p\u00f4le d\u2019expertise et de partage des connaissances sur les politiques publiques favorables \u00e0 la sant\u00e9. Il fait partie d\u2019un r\u00e9seau de six <a href=\"https:\/\/ccnpps-ncchpp.ca\/fr\/le-reseau-des-ccn\/\">Centres de collaboration nationale en sant\u00e9 publique (CCN)<\/a> cr\u00e9\u00e9 en 2005 et financ\u00e9 par l\u2019<a href=\"https:\/\/www.canada.ca\/fr\/sante-publique.html\" target=\"_blank\" rel=\"noopener noreferrer\">Agence de la sant\u00e9 publique du Canada<\/a> pour renforcer l\u2019infrastructure canadienne de sant\u00e9 publique. Les CCN sont r\u00e9partis \u00e0 travers le Canada dans des institutions h\u00f4tes et chacun des CCN se sp\u00e9cialise dans un secteur cl\u00e9 de la sant\u00e9 publique.<\/p>\n<p>Le CCNPPS est h\u00e9berg\u00e9 \u00e0 Montr\u00e9al par l\u2019<a href=\"https:\/\/www.inspq.qc.ca\/\" target=\"_blank\" rel=\"noopener noreferrer\">Institut national de sant\u00e9 publique du Qu\u00e9bec (INSPQ)<\/a>.<\/p>\n<h2>Notre mandat<\/h2>\n<p>Le mandat du CCNPPS consiste \u00e0 soutenir les acteurs de la sant\u00e9 publique au Canada dans leurs efforts visant \u00e0 \u00e9laborer et \u00e0 promouvoir des politiques publiques favorables \u00e0 la sant\u00e9. Ces politiques ont le potentiel de jouer un r\u00f4le cl\u00e9 dans l\u2019am\u00e9lioration de la sant\u00e9 des populations et la r\u00e9duction des in\u00e9galit\u00e9s de sant\u00e9, car elles agissent sur les d\u00e9terminants sociaux, \u00e9conomiques, environnementaux et \u00e9cologiques de la sant\u00e9, tels que l\u2019\u00e9ducation, le soutien social, le revenu, l\u2019environnement physique et le climat.<\/p>\n<p>Nous r\u00e9alisons notre mandat en d\u00e9veloppant, synth\u00e9tisant et partageant des connaissances, en ciblant les lacunes dans la recherche et en favorisant le d\u00e9veloppement de r\u00e9seaux entre les professionnels de la sant\u00e9 publique, les chercheurs et les d\u00e9cideurs \u00e0 travers le Canada.<\/p>\n<p>Notre programmation scientifique est inform\u00e9e par des analyses des besoins en connaissance des acteurs de la sant\u00e9 publique au Canada et guid\u00e9e par un <a href=\"https:\/\/ccnpps-ncchpp.ca\/fr\/conseil-dorientation\/\">conseil d\u2019orientation<\/a> pancanadien.<\/p>\n<p>&nbsp;<\/p>\n<p>[\/et_pb_text][\/et_pb_column][\/et_pb_row][et_pb_row column_structure=\u00a0\u00bb3_4,1_4&Prime; _builder_version=\u00a0\u00bb4.9.1&Prime; _module_preset=\u00a0\u00bbdefault\u00a0\u00bb][et_pb_column type=\u00a0\u00bb3_4&Prime; _builder_version=\u00a0\u00bb4.9.1&Prime; _module_preset=\u00a0\u00bbdefault\u00a0\u00bb][et_pb_text _builder_version=\u00a0\u00bb4.9.1&Prime; _module_preset=\u00a0\u00bbdefault\u00a0\u00bb hover_enabled=\u00a0\u00bb0&Prime; sticky_enabled=\u00a0\u00bb0&Prime;]<\/p>\n<p>Concr\u00e8tement, nous offrons des :<\/p>\n<ul>\n<li><strong>Publications<\/strong> rigoureuses fond\u00e9es sur les meilleures donn\u00e9es probantes disponibles;<\/li>\n<li>Occasions de <strong>formations<\/strong> en ligne et en personne;<\/li>\n<li><strong>Outils<\/strong> pour parfaire votre pratique en sant\u00e9 publique;<\/li>\n<li><strong>Accompagnements<\/strong> et de l\u2019<strong>expertise<\/strong> scientifique;<\/li>\n<li>Occasions de <strong>r\u00e9seautage<\/strong> avec d\u2019autres acteurs de la sant\u00e9 publique.<\/li>\n<\/ul>\n<p>Le tout disponible en fran\u00e7ais et en anglais.<\/p>\n<p>[\/et_pb_text][\/et_pb_column][et_pb_column type=\u00a0\u00bb1_4&Prime; _builder_version=\u00a0\u00bb4.9.1&Prime; _module_preset=\u00a0\u00bbdefault\u00a0\u00bb][et_pb_text _builder_version=\u00a0\u00bb4.9.1&Prime; _module_preset=\u00a0\u00bbdefault\u00a0\u00bb]<\/p>\n<p><strong>Offre de services du CCNPPS<\/strong><\/p>\n<p>[\/et_pb_text][et_pb_image src=\u00a0\u00bbhttps:\/\/ccnpps-ncchpp.ca\/wp-content\/uploads\/2023\/02\/Offre-de-services-du-CCNPPS.jpg\u00a0\u00bb title_text=\u00a0\u00bbOffre-de-services-du-CCNPPS\u00a0\u00bb url=\u00a0\u00bbhttps:\/\/ccnpps-ncchpp.ca\/docs\/Offre-de-services-du-CCNPPS.pdf\u00a0\u00bb url_new_window=\u00a0\u00bbon\u00a0\u00bb _builder_version=\u00a0\u00bb4.9.1&Prime; max_width=\u00a0\u00bb100%\u00a0\u00bb custom_margin=\u00a0\u00bb2px||2px||false|false\u00a0\u00bb custom_padding=\u00a0\u00bb|||0px||\u00a0\u00bb hover_enabled=\u00a0\u00bb0&Prime; custom_css_main_element=\u00a0\u00bbfilter: drop-shadow(2px 4px 6px black);||\t\t\t margin-left: 2px;\u00a0\u00bb border_radii=\u00a0\u00bbon|12px|12px|12px|12px\u00a0\u00bb border_color_all=\u00a0\u00bb#000000&Prime; src__hover_enabled=\u00a0\u00bboff|desktop\u00a0\u00bb alt=\u00a0\u00bbImage de la brochure qui d\u00e9crit l&rsquo;offre de services du CCNPPS.\u00a0\u00bb sticky_enabled=\u00a0\u00bb0&Prime;][\/et_pb_image][\/et_pb_column][\/et_pb_row][et_pb_row _builder_version=\u00a0\u00bb3.27.4&Prime;][et_pb_column type=\u00a0\u00bb4_4&Prime; _builder_version=\u00a0\u00bb3.27.4&Prime;][et_pb_text _builder_version=\u00a0\u00bb4.9.1&Prime; _module_preset=\u00a0\u00bbdefault\u00a0\u00bb]<\/p>\n<h2>Nos projets<\/h2>\n<p>Nos projets actifs sont :<\/p>\n<ul>\n<li><a href=\"https:\/\/ccnpps-ncchpp.ca\/fr\/analyse-de-politiques-publiques\/\">Analyse des politiques publiques<\/a><\/li>\n<li><a href=\"https:\/\/ccnpps-ncchpp.ca\/fr\/changements-climatiques\/\">Changements climatiques<\/a><\/li>\n<li><a href=\"https:\/\/ccnpps-ncchpp.ca\/fr\/ethique-en-sante-publique\/\">\u00c9thique en sant\u00e9 publique<\/a><\/li>\n<li><a href=\"https:\/\/ccnpps-ncchpp.ca\/fr\/evaluation-dimpact-sur-la-sante\/\">\u00c9valuation d\u2019impact sur la sant\u00e9<\/a><\/li>\n<li><a href=\"https:\/\/ccnpps-ncchpp.ca\/fr\/inegalites-de-sante\/\">In\u00e9galit\u00e9s de sant\u00e9<\/a><\/li>\n<li><a href=\"https:\/\/ccnpps-ncchpp.ca\/fr\/infrastructure-de-sante-publique\/\">Infrastructure de sant\u00e9 publique<\/a><\/li>\n<li><a href=\"https:\/\/ccnpps-ncchpp.ca\/fr\/partage-de-connaissances\/\">Partage de connaissances<\/a><\/li>\n<li><a href=\"https:\/\/ccnpps-ncchpp.ca\/fr\/politiques-de-bien-etre\/\">Politiques de bien-\u00eatre<\/a><\/li>\n<li><a href=\"https:\/\/ccnpps-ncchpp.ca\/fr\/sante-dans-toutes-les-politiques\/\">Sant\u00e9 dans toutes les politiques<\/a><\/li>\n<li><a href=\"https:\/\/ccnpps-ncchpp.ca\/fr\/sante-mentale-et-mieux-etre-des-populations\/\">Sant\u00e9 mentale et mieux-\u00eatre des populations<\/a><\/li>\n<\/ul>\n<p>Par le pass\u00e9 nous avons \u00e9galement d\u00e9velopp\u00e9 des ressources sur l\u2019environnement b\u00e2ti, l\u2019\u00e9valuation \u00e9conomique, les organisations \u00e0 but non lucratif et les processus d\u00e9lib\u00e9ratifs. Pour les consulter, visitez la section <a href=\"https:\/\/ccnpps-ncchpp.ca\/fr\/projets-archives\/\">Projets Archiv\u00e9s<\/a>.<\/p>\n<h2>Reconnaissance territoriale<\/h2>\n<p>Nous reconnaissons que nous sommes sur un territoire autochtone mill\u00e9naire, lieu de rencontres et de diplomatie entre les peuples et lieu de la signature du Trait\u00e9 de la grande paix. Nous remercions la nation\u00a0Kanien&rsquo;keh\u00e1:ka\u00a0(Mohawk) de son hospitalit\u00e9 sur ce territoire non c\u00e9d\u00e9.<\/p>\n<\/p>\n<p>[\/et_pb_text][\/et_pb_column][\/et_pb_row][\/et_pb_section]<\/p>\n","protected":false},"excerpt":{"rendered":"<p>Cette page pr\u00e9sente le mandat du CCNPPS, nos projets actifs ainsi que ce que nous vous offrons.<\/p>\n","protected":false},"author":2,"featured_media":16176,"parent":0,"menu_order":0,"comment_status":"closed","ping_status":"closed","template":"","meta":{"_et_pb_use_builder":"on","_et_pb_old_content":"","_et_gb_content_width":"","footnotes":""},"class_list":["post-1446","page","type-page","status-publish","has-post-thumbnail","hentry"],"yoast_head":"<!-- This site is optimized with the Yoast SEO Premium plugin v27.5 (Yoast SEO v27.5) - https:\/\/yoast.com\/product\/yoast-seo-premium-wordpress\/ -->\n<title>Le Centre - Centre de collaboration nationale sur les politiques publiques et la sant\u00e9<\/title>\n<meta name=\"description\" content=\"Le CCNPPS est un p\u00f4le d&#039;expertise et de partage de connaissances sur les politiques publiques favorables \u00e0 la sant\u00e9.\" \/>\n<meta name=\"robots\" content=\"index, follow, max-snippet:-1, max-image-preview:large, max-video-preview:-1\" \/>\n<link rel=\"canonical\" href=\"https:\/\/ccnpps-ncchpp.ca\/fr\/le-centre\/\" \/>\n<meta property=\"og:locale\" content=\"fr_FR\" \/>\n<meta property=\"og:type\" content=\"article\" \/>\n<meta property=\"og:title\" content=\"Le Centre\" \/>\n<meta property=\"og:description\" content=\"Le CCNPPS est un p\u00f4le d&#039;expertise et de partage de connaissances sur les politiques publiques favorables \u00e0 la sant\u00e9.\" \/>\n<meta property=\"og:url\" content=\"https:\/\/ccnpps-ncchpp.ca\/fr\/le-centre\/\" \/>\n<meta property=\"og:site_name\" content=\"Centre de collaboration nationale sur les politiques publiques et la sant\u00e9\" \/>\n<meta property=\"article:publisher\" content=\"https:\/\/www.facebook.com\/CCNPPS.NCCHPP\" \/>\n<meta property=\"article:modified_time\" content=\"2023-07-17T20:21:51+00:00\" \/>\n<meta property=\"og:image\" content=\"https:\/\/ccnpps-ncchpp.ca\/wp-content\/uploads\/2021\/05\/Logorond250px.jpg\" \/>\n\t<meta property=\"og:image:width\" content=\"250\" \/>\n\t<meta property=\"og:image:height\" content=\"250\" \/>\n\t<meta property=\"og:image:type\" content=\"image\/jpeg\" \/>\n<meta name=\"twitter:card\" content=\"summary_large_image\" \/>\n<meta name=\"twitter:site\" content=\"@NCCHPP\" \/>\n<meta name=\"twitter:label1\" content=\"Dur\u00e9e de lecture estim\u00e9e\" \/>\n\t<meta name=\"twitter:data1\" content=\"3 minutes\" \/>\n<script type=\"application\/ld+json\" class=\"yoast-schema-graph\">{\"@context\":\"https:\\\/\\\/schema.org\",\"@graph\":[{\"@type\":\"WebPage\",\"@id\":\"https:\\\/\\\/ccnpps-ncchpp.ca\\\/fr\\\/le-centre\\\/\",\"url\":\"https:\\\/\\\/ccnpps-ncchpp.ca\\\/fr\\\/le-centre\\\/\",\"name\":\"Le Centre - Centre de collaboration nationale sur les politiques publiques et la sant\u00e9\",\"isPartOf\":{\"@id\":\"https:\\\/\\\/ccnpps-ncchpp.ca\\\/fr\\\/#website\"},\"primaryImageOfPage\":{\"@id\":\"https:\\\/\\\/ccnpps-ncchpp.ca\\\/fr\\\/le-centre\\\/#primaryimage\"},\"image\":{\"@id\":\"https:\\\/\\\/ccnpps-ncchpp.ca\\\/fr\\\/le-centre\\\/#primaryimage\"},\"thumbnailUrl\":\"https:\\\/\\\/ccnpps-ncchpp.ca\\\/wp-content\\\/uploads\\\/2021\\\/05\\\/Logorond250px.jpg\",\"datePublished\":\"2020-09-28T20:45:44+00:00\",\"dateModified\":\"2023-07-17T20:21:51+00:00\",\"description\":\"Le CCNPPS est un p\u00f4le d'expertise et de partage de connaissances sur les politiques publiques favorables \u00e0 la sant\u00e9.\",\"breadcrumb\":{\"@id\":\"https:\\\/\\\/ccnpps-ncchpp.ca\\\/fr\\\/le-centre\\\/#breadcrumb\"},\"inLanguage\":\"fr-FR\",\"potentialAction\":[{\"@type\":\"ReadAction\",\"target\":[\"https:\\\/\\\/ccnpps-ncchpp.ca\\\/fr\\\/le-centre\\\/\"]}]},{\"@type\":\"ImageObject\",\"inLanguage\":\"fr-FR\",\"@id\":\"https:\\\/\\\/ccnpps-ncchpp.ca\\\/fr\\\/le-centre\\\/#primaryimage\",\"url\":\"https:\\\/\\\/ccnpps-ncchpp.ca\\\/wp-content\\\/uploads\\\/2021\\\/05\\\/Logorond250px.jpg\",\"contentUrl\":\"https:\\\/\\\/ccnpps-ncchpp.ca\\\/wp-content\\\/uploads\\\/2021\\\/05\\\/Logorond250px.jpg\",\"width\":250,\"height\":250,\"caption\":\"Logo of the National Collaborating Centre for Healthy Public Policy\"},{\"@type\":\"BreadcrumbList\",\"@id\":\"https:\\\/\\\/ccnpps-ncchpp.ca\\\/fr\\\/le-centre\\\/#breadcrumb\",\"itemListElement\":[{\"@type\":\"ListItem\",\"position\":1,\"name\":\"Accueil\",\"item\":\"https:\\\/\\\/ccnpps-ncchpp.ca\\\/fr\\\/\"},{\"@type\":\"ListItem\",\"position\":2,\"name\":\"Le Centre\"}]},{\"@type\":\"WebSite\",\"@id\":\"https:\\\/\\\/ccnpps-ncchpp.ca\\\/fr\\\/#website\",\"url\":\"https:\\\/\\\/ccnpps-ncchpp.ca\\\/fr\\\/\",\"name\":\"Centre de collaboration nationale sur les politiques publiques et la sant\u00e9\",\"description\":\"\",\"publisher\":{\"@id\":\"https:\\\/\\\/ccnpps-ncchpp.ca\\\/fr\\\/#organization\"},\"potentialAction\":[{\"@type\":\"SearchAction\",\"target\":{\"@type\":\"EntryPoint\",\"urlTemplate\":\"https:\\\/\\\/ccnpps-ncchpp.ca\\\/fr\\\/?s={search_term_string}\"},\"query-input\":{\"@type\":\"PropertyValueSpecification\",\"valueRequired\":true,\"valueName\":\"search_term_string\"}}],\"inLanguage\":\"fr-FR\"},{\"@type\":\"Organization\",\"@id\":\"https:\\\/\\\/ccnpps-ncchpp.ca\\\/fr\\\/#organization\",\"name\":\"National Collaborating Centre for Healthy Public Policy\",\"alternateName\":\"CCNPPS\",\"url\":\"https:\\\/\\\/ccnpps-ncchpp.ca\\\/fr\\\/\",\"logo\":{\"@type\":\"ImageObject\",\"inLanguage\":\"fr-FR\",\"@id\":\"https:\\\/\\\/ccnpps-ncchpp.ca\\\/fr\\\/#\\\/schema\\\/logo\\\/image\\\/\",\"url\":\"https:\\\/\\\/ccnpps-ncchpp.ca\\\/wp-content\\\/uploads\\\/2021\\\/05\\\/Logorond250px.jpg\",\"contentUrl\":\"https:\\\/\\\/ccnpps-ncchpp.ca\\\/wp-content\\\/uploads\\\/2021\\\/05\\\/Logorond250px.jpg\",\"width\":250,\"height\":250,\"caption\":\"National Collaborating Centre for Healthy Public Policy\"},\"image\":{\"@id\":\"https:\\\/\\\/ccnpps-ncchpp.ca\\\/fr\\\/#\\\/schema\\\/logo\\\/image\\\/\"},\"sameAs\":[\"https:\\\/\\\/www.facebook.com\\\/CCNPPS.NCCHPP\",\"https:\\\/\\\/x.com\\\/NCCHPP\",\"https:\\\/\\\/twitter.com\\\/CCNPPS\"]}]}<\/script>\n<!-- \/ Yoast SEO Premium plugin. -->","yoast_head_json":{"title":"Le Centre - Centre de collaboration nationale sur les politiques publiques et la sant\u00e9","description":"Le CCNPPS est un p\u00f4le d'expertise et de partage de connaissances sur les politiques publiques favorables \u00e0 la sant\u00e9.","robots":{"index":"index","follow":"follow","max-snippet":"max-snippet:-1","max-image-preview":"max-image-preview:large","max-video-preview":"max-video-preview:-1"},"canonical":"https:\/\/ccnpps-ncchpp.ca\/fr\/le-centre\/","og_locale":"fr_FR","og_type":"article","og_title":"Le Centre","og_description":"Le CCNPPS est un p\u00f4le d'expertise et de partage de connaissances sur les politiques publiques favorables \u00e0 la sant\u00e9.","og_url":"https:\/\/ccnpps-ncchpp.ca\/fr\/le-centre\/","og_site_name":"Centre de collaboration nationale sur les politiques publiques et la sant\u00e9","article_publisher":"https:\/\/www.facebook.com\/CCNPPS.NCCHPP","article_modified_time":"2023-07-17T20:21:51+00:00","og_image":[{"width":250,"height":250,"url":"https:\/\/ccnpps-ncchpp.ca\/wp-content\/uploads\/2021\/05\/Logorond250px.jpg","type":"image\/jpeg"}],"twitter_card":"summary_large_image","twitter_site":"@NCCHPP","twitter_misc":{"Dur\u00e9e de lecture estim\u00e9e":"3 minutes"},"schema":{"@context":"https:\/\/schema.org","@graph":[{"@type":"WebPage","@id":"https:\/\/ccnpps-ncchpp.ca\/fr\/le-centre\/","url":"https:\/\/ccnpps-ncchpp.ca\/fr\/le-centre\/","name":"Le Centre - Centre de collaboration nationale sur les politiques publiques et la sant\u00e9","isPartOf":{"@id":"https:\/\/ccnpps-ncchpp.ca\/fr\/#website"},"primaryImageOfPage":{"@id":"https:\/\/ccnpps-ncchpp.ca\/fr\/le-centre\/#primaryimage"},"image":{"@id":"https:\/\/ccnpps-ncchpp.ca\/fr\/le-centre\/#primaryimage"},"thumbnailUrl":"https:\/\/ccnpps-ncchpp.ca\/wp-content\/uploads\/2021\/05\/Logorond250px.jpg","datePublished":"2020-09-28T20:45:44+00:00","dateModified":"2023-07-17T20:21:51+00:00","description":"Le CCNPPS est un p\u00f4le d'expertise et de partage de connaissances sur les politiques publiques favorables \u00e0 la sant\u00e9.","breadcrumb":{"@id":"https:\/\/ccnpps-ncchpp.ca\/fr\/le-centre\/#breadcrumb"},"inLanguage":"fr-FR","potentialAction":[{"@type":"ReadAction","target":["https:\/\/ccnpps-ncchpp.ca\/fr\/le-centre\/"]}]},{"@type":"ImageObject","inLanguage":"fr-FR","@id":"https:\/\/ccnpps-ncchpp.ca\/fr\/le-centre\/#primaryimage","url":"https:\/\/ccnpps-ncchpp.ca\/wp-content\/uploads\/2021\/05\/Logorond250px.jpg","contentUrl":"https:\/\/ccnpps-ncchpp.ca\/wp-content\/uploads\/2021\/05\/Logorond250px.jpg","width":250,"height":250,"caption":"Logo of the National Collaborating Centre for Healthy Public Policy"},{"@type":"BreadcrumbList","@id":"https:\/\/ccnpps-ncchpp.ca\/fr\/le-centre\/#breadcrumb","itemListElement":[{"@type":"ListItem","position":1,"name":"Accueil","item":"https:\/\/ccnpps-ncchpp.ca\/fr\/"},{"@type":"ListItem","position":2,"name":"Le Centre"}]},{"@type":"WebSite","@id":"https:\/\/ccnpps-ncchpp.ca\/fr\/#website","url":"https:\/\/ccnpps-ncchpp.ca\/fr\/","name":"Centre de collaboration nationale sur les politiques publiques et la sant\u00e9","description":"","publisher":{"@id":"https:\/\/ccnpps-ncchpp.ca\/fr\/#organization"},"potentialAction":[{"@type":"SearchAction","target":{"@type":"EntryPoint","urlTemplate":"https:\/\/ccnpps-ncchpp.ca\/fr\/?s={search_term_string}"},"query-input":{"@type":"PropertyValueSpecification","valueRequired":true,"valueName":"search_term_string"}}],"inLanguage":"fr-FR"},{"@type":"Organization","@id":"https:\/\/ccnpps-ncchpp.ca\/fr\/#organization","name":"National Collaborating Centre for Healthy Public Policy","alternateName":"CCNPPS","url":"https:\/\/ccnpps-ncchpp.ca\/fr\/","logo":{"@type":"ImageObject","inLanguage":"fr-FR","@id":"https:\/\/ccnpps-ncchpp.ca\/fr\/#\/schema\/logo\/image\/","url":"https:\/\/ccnpps-ncchpp.ca\/wp-content\/uploads\/2021\/05\/Logorond250px.jpg","contentUrl":"https:\/\/ccnpps-ncchpp.ca\/wp-content\/uploads\/2021\/05\/Logorond250px.jpg","width":250,"height":250,"caption":"National Collaborating Centre for Healthy Public Policy"},"image":{"@id":"https:\/\/ccnpps-ncchpp.ca\/fr\/#\/schema\/logo\/image\/"},"sameAs":["https:\/\/www.facebook.com\/CCNPPS.NCCHPP","https:\/\/x.com\/NCCHPP","https:\/\/twitter.com\/CCNPPS"]}]}},"_links":{"self":[{"href":"https:\/\/ccnpps-ncchpp.ca\/fr\/wp-json\/wp\/v2\/pages\/1446","targetHints":{"allow":["GET"]}}],"collection":[{"href":"https:\/\/ccnpps-ncchpp.ca\/fr\/wp-json\/wp\/v2\/pages"}],"about":[{"href":"https:\/\/ccnpps-ncchpp.ca\/fr\/wp-json\/wp\/v2\/types\/page"}],"author":[{"embeddable":true,"href":"https:\/\/ccnpps-ncchpp.ca\/fr\/wp-json\/wp\/v2\/users\/2"}],"replies":[{"embeddable":true,"href":"https:\/\/ccnpps-ncchpp.ca\/fr\/wp-json\/wp\/v2\/comments?post=1446"}],"version-history":[{"count":0,"href":"https:\/\/ccnpps-ncchpp.ca\/fr\/wp-json\/wp\/v2\/pages\/1446\/revisions"}],"wp:featuredmedia":[{"embeddable":true,"href":"https:\/\/ccnpps-ncchpp.ca\/fr\/wp-json\/wp\/v2\/media\/16176"}],"wp:attachment":[{"href":"https:\/\/ccnpps-ncchpp.ca\/fr\/wp-json\/wp\/v2\/media?parent=1446"}],"curies":[{"name":"wp","href":"https:\/\/api.w.org\/{rel}","templated":true}]}}