{"id":18248,"date":"2021-05-28T00:39:11","date_gmt":"2021-05-28T00:39:11","guid":{"rendered":"https:\/\/ncchpp.wpengine.com\/test-modules-course-ethics-en\/"},"modified":"2024-08-27T20:30:59","modified_gmt":"2024-08-27T20:30:59","slug":"modules-de-formation-en-ligne-introduction-a-lethique-en-sante-publique","status":"publish","type":"page","link":"https:\/\/ccnpps-ncchpp.ca\/fr\/modules-de-formation-en-ligne-introduction-a-lethique-en-sante-publique\/","title":{"rendered":"Modules de formation en ligne &#8211; Introduction \u00e0 l&rsquo;\u00e9thique en sant\u00e9 publique"},"content":{"rendered":"<p>[et_pb_section fb_built=\u00a0\u00bb1&Prime; admin_label=\u00a0\u00bbsection\u00a0\u00bb _builder_version=\u00a0\u00bb3.22&Prime; min_height=\u00a0\u00bb2071.7px\u00a0\u00bb custom_padding=\u00a0\u00bb||0px|||\u00a0\u00bb][et_pb_row admin_label=\u00a0\u00bbrow\u00a0\u00bb _builder_version=\u00a0\u00bb3.25&Prime; background_size=\u00a0\u00bbinitial\u00a0\u00bb background_position=\u00a0\u00bbtop_left\u00a0\u00bb background_repeat=\u00a0\u00bbrepeat\u00a0\u00bb][et_pb_column type=\u00a0\u00bb4_4&Prime; _builder_version=\u00a0\u00bb3.25&Prime; custom_padding=\u00a0\u00bb|||\u00a0\u00bb custom_padding__hover=\u00a0\u00bb|||\u00a0\u00bb][et_pb_text admin_label=\u00a0\u00bbText\u00a0\u00bb _builder_version=\u00a0\u00bb4.9.1&Prime; background_size=\u00a0\u00bbinitial\u00a0\u00bb background_position=\u00a0\u00bbtop_left\u00a0\u00bb background_repeat=\u00a0\u00bbrepeat\u00a0\u00bb]<\/p>\n<h1>Modules de formation en ligne &#8211; Introduction \u00e0 l&rsquo;\u00e9thique en sant\u00e9 publique<\/h1>\n<h3>Bienvenue dans cette formation en ligne offerte par le CCNPPS!<\/h3>\n<p>Vous trouverez ci-dessous les 6 modules de votre formation sur l&rsquo;\u00e9thique en sant\u00e9 publique. Afin de maximiser vos d&rsquo;apprentissages, nous vous recommandons de les suivre selon l&rsquo;ordre dans lequel ils sont pr\u00e9sent\u00e9s.<\/p>\n<p>Nous vous sugg\u00e9rons \u00e9galement de visionner le module d&rsquo;introduction avant de d\u00e9buter votre formation. Ce module vous permettra d&rsquo;explorer les diff\u00e9rentes fonctionnalit\u00e9s de votre environnement d&rsquo;apprentissage et de passer en revue votre parcours de formation.<\/p>\n<p>Nous avons \u00e9galement mis \u00e0 votre disposition quelques ressources compl\u00e9mentaires dans la colonne de droite de cette page, dont un ensemble complet de lectures additionnelles de m\u00eame que des liens vers plusieurs \u00e9tudes de cas pour alimenter votre r\u00e9flexion sur les enjeux \u00e9thiques.<\/p>\n<p>Bonne formation!<\/p>\n<h3><span class=\"titre3\">Besoin d&rsquo;aide?<\/span><\/h3>\n<p>Pour avoir de l&rsquo;assistance technique, de contenu, ou administrative, communiquez avec nous \u00e0 l&rsquo;adresse suivante : <a href=\"mailto:ccnpps@inspq.qc.ca\" target=\"_blank\" rel=\"noopener\">ccnpps@inspq.qc.ca<\/a>.<\/p>\n<h3>Modules<\/h3>\n<p>[\/et_pb_text][\/et_pb_column][\/et_pb_row][et_pb_row column_structure=\u00a0\u00bb1_4,1_4,1_4,1_4&Prime; _builder_version=\u00a0\u00bb3.27.4&Prime; max_width=\u00a0\u00bb1168px\u00a0\u00bb module_alignment=\u00a0\u00bbcenter\u00a0\u00bb custom_margin=\u00a0\u00bb|auto||-84px||\u00a0\u00bb custom_padding=\u00a0\u00bb||18px|0px||\u00a0\u00bb][et_pb_column type=\u00a0\u00bb1_4&Prime; _builder_version=\u00a0\u00bb3.27.4&Prime;][et_pb_text _builder_version=\u00a0\u00bb4.9.1&Prime; custom_css_main_element=\u00a0\u00bbfilter: drop-shadow(2px 4px 6px black);||\t\t\t margin-left: 2px;|| \u00ab\u00a0]<\/p>\n<p><a target=\"_blank\" href=\"\/wp-content\/uploads\/articulate_uploads\/CoursESP-Introduction\/index.html\"><p><img decoding=\"async\" src=\"https:\/\/ncchpp.wpengine.com\/wp-content\/uploads\/2021\/05\/2020-CoursESP-Vignette-Intro-FR-180x240_v2.jpg\" alt=\"Launch Presentation\" \/><\/a>\n<p>[\/et_pb_text][\/et_pb_column][et_pb_column type=\u00a0\u00bb1_4&Prime; _builder_version=\u00a0\u00bb3.27.4&Prime;][et_pb_text _builder_version=\u00a0\u00bb4.9.1&Prime; custom_css_main_element=\u00a0\u00bbfilter: drop-shadow(2px 4px 6px black);||\t\t\t margin-left: 2px;\u00a0\u00bb]<\/p>\n<p><a target=\"_blank\" href=\"\/wp-content\/uploads\/articulate_uploads\/CoursESP_Module1\/index.html\"><p><img decoding=\"async\" src=\"https:\/\/ncchpp.wpengine.com\/wp-content\/uploads\/2021\/05\/2020-CoursESP-Vignette-M1-FR-180x240-1.jpg\" alt=\"Launch Presentation\" \/><\/a>\n<p>&nbsp;<\/p>\n<p>[\/et_pb_text][\/et_pb_column][et_pb_column type=\u00a0\u00bb1_4&Prime; _builder_version=\u00a0\u00bb3.27.4&Prime;][et_pb_text _builder_version=\u00a0\u00bb4.9.1&Prime; custom_css_main_element=\u00a0\u00bbfilter: drop-shadow(2px 4px 6px black);||\t\t\t margin-left: 2px;\u00a0\u00bb]<\/p>\n<p><a target=\"_blank\" href=\"\/wp-content\/uploads\/articulate_uploads\/CoursESP_Module2\/index.html\"><p><img decoding=\"async\" src=\"https:\/\/ncchpp.wpengine.com\/wp-content\/uploads\/2021\/05\/2020-CoursESP-Vignette-M2-FR-180x240-1.jpg\" alt=\"Launch Presentation\" \/><\/a>\n<p>[\/et_pb_text][\/et_pb_column][et_pb_column type=\u00a0\u00bb1_4&Prime; _builder_version=\u00a0\u00bb3.27.4&Prime;][et_pb_text _builder_version=\u00a0\u00bb4.9.1&Prime; custom_css_main_element=\u00a0\u00bbfilter: drop-shadow(2px 4px 6px black);||\t\t\t margin-left: 2px;\u00a0\u00bb]<\/p>\n<p><a target=\"_blank\" href=\"\/wp-content\/uploads\/articulate_uploads\/CoursESP-Module3\/index.html\"><p><img decoding=\"async\" src=\"https:\/\/ncchpp.wpengine.com\/wp-content\/uploads\/2021\/05\/2020-CoursESP-Vignette-M3-FR-180x240-1.jpg\" alt=\"Launch Presentation\" \/><\/a>\n<p>[\/et_pb_text][\/et_pb_column][\/et_pb_row][et_pb_row column_structure=\u00a0\u00bb1_3,1_3,1_3&Prime; _builder_version=\u00a0\u00bb3.27.4&Prime; max_width=\u00a0\u00bb1000px\u00a0\u00bb module_alignment=\u00a0\u00bbcenter\u00a0\u00bb min_height=\u00a0\u00bb345px\u00a0\u00bb custom_margin=\u00a0\u00bb|43px||auto||\u00a0\u00bb custom_padding=\u00a0\u00bb|54px||||\u00a0\u00bb][et_pb_column type=\u00a0\u00bb1_3&Prime; _builder_version=\u00a0\u00bb3.27.4&Prime;][et_pb_text _builder_version=\u00a0\u00bb4.9.1&Prime; hover_enabled=\u00a0\u00bb0&Prime; custom_css_main_element=\u00a0\u00bbfilter: drop-shadow(2px 4px 6px black);||\t\t\t margin-left: 2px;\u00a0\u00bb sticky_enabled=\u00a0\u00bb0&Prime;]<\/p>\n<p><a target=\"_blank\" href=\"\/wp-content\/uploads\/articulate_uploads\/CoursESP_Module42\/index.html\"><p><img decoding=\"async\" src=\"https:\/\/ncchpp.wpengine.com\/wp-content\/uploads\/2021\/05\/2020-CoursESP-Vignette-M4-FR-180x240-1.jpg\" alt=\"Launch Presentation\" \/><\/a>\n<p>[\/et_pb_text][\/et_pb_column][et_pb_column type=\u00a0\u00bb1_3&Prime; _builder_version=\u00a0\u00bb3.27.4&Prime;][et_pb_text _builder_version=\u00a0\u00bb4.9.1&Prime; width=\u00a0\u00bb121.9%\u00a0\u00bb custom_margin=\u00a0\u00bb|||-54px||\u00a0\u00bb custom_css_main_element=\u00a0\u00bbfilter: drop-shadow(2px 4px 6px black);||\t\t\t margin-left: 2px;\u00a0\u00bb]<\/p>\n<p><a target=\"_blank\" href=\"\/wp-content\/uploads\/articulate_uploads\/CoursESP-Module5\/index.html\"><p><img decoding=\"async\" src=\"https:\/\/ncchpp.wpengine.com\/wp-content\/uploads\/2021\/05\/2020-CoursESP-Vignette-M5-FR-180x240-1.jpg\" alt=\"Launch Presentation\" \/><\/a>\n<p>[\/et_pb_text][\/et_pb_column][et_pb_column type=\u00a0\u00bb1_3&Prime; _builder_version=\u00a0\u00bb3.27.4&Prime;][et_pb_text _builder_version=\u00a0\u00bb4.9.1&Prime; width=\u00a0\u00bb100%\u00a0\u00bb custom_padding=\u00a0\u00bb|66px||0px||\u00a0\u00bb custom_css_main_element=\u00a0\u00bbfilter: drop-shadow(2px 4px 6px black);||\t\t\t margin-left: 2px;\u00a0\u00bb]<\/p>\n<p><a target=\"_blank\" href=\"\/wp-content\/uploads\/articulate_uploads\/CoursESP-Module6\/index.html\"><p><img decoding=\"async\" src=\"https:\/\/ncchpp.wpengine.com\/wp-content\/uploads\/2021\/05\/2020-CoursESP-Vignette-M6-FR-180x240-1.jpg\" alt=\"Launch Presentation\" \/><\/a>\n<p>[\/et_pb_text][\/et_pb_column][\/et_pb_row][et_pb_row admin_label=\u00a0\u00bbrow\u00a0\u00bb _builder_version=\u00a0\u00bb4.9.1&Prime; background_size=\u00a0\u00bbinitial\u00a0\u00bb background_position=\u00a0\u00bbtop_left\u00a0\u00bb background_repeat=\u00a0\u00bbrepeat\u00a0\u00bb custom_padding=\u00a0\u00bb||0px|||\u00a0\u00bb][et_pb_column type=\u00a0\u00bb4_4&Prime; _builder_version=\u00a0\u00bb3.25&Prime; custom_padding=\u00a0\u00bb|||\u00a0\u00bb custom_padding__hover=\u00a0\u00bb|||\u00a0\u00bb][et_pb_text _builder_version=\u00a0\u00bb4.9.1&Prime; _module_preset=\u00a0\u00bbdefault\u00a0\u00bb]<\/p>\n<h3>Ressources additionnelles<\/h3>\n<p>[\/et_pb_text][et_pb_text _builder_version=\u00a0\u00bb4.9.1&Prime; _module_preset=\u00a0\u00bbdefault\u00a0\u00bb custom_margin=\u00a0\u00bb2px|2px|1px|2px|false|false\u00a0\u00bb custom_padding=\u00a0\u00bb10px|0px|0px|5px|false|false\u00a0\u00bb border_radii=\u00a0\u00bbon|15px|15px|15px|15px\u00a0\u00bb border_width_all=\u00a0\u00bb1px\u00a0\u00bb border_color_all=\u00a0\u00bb#B3B3B3&Prime; box_shadow_style=\u00a0\u00bbpreset2&Prime;]<\/p>\n<form id=\"form1\" action=\"index.aspx?sortcode=1.1.6.11\" method=\"post\" name=\"form1\">\n<div id=\"wrap\">\n<div id=\"mainSectionIndex\">\n<div id=\"sideColumn\">\n<div id=\"ctl09_panel_gr\" class=\"contenu\">\n<div class=\"sideColumnItem\">\n<div class=\"texte\">\n<div id=\"wrap\">\n<div id=\"mainSectionIndex\">\n<div id=\"sideColumn\">\n<div id=\"ctl09_panel_gr\" class=\"contenu\">\n<div class=\"sideColumnItem\">\n<div class=\"texte\">\n<h4><strong class=\"important\">\u00a0 \u00a0Ressources d&rsquo;introduction<\/strong><\/h4>\n<ul>\n<li><a href=\"https:\/\/www.oxfordhandbooks.com\/view\/10.1093\/oxfordhb\/9780190245191.001.0001\/oxfordhb-9780190245191\" target=\"_blank\" rel=\"noopener\">Oxford Handbook of Public Health Ethics (2019)<\/a><\/li>\n<li><a href=\"https:\/\/ccnpps-ncchpp.ca\/fr\/introduction-a-lethique-en-sante-publique-1-contexte\/\" target=\"_blank\" rel=\"noopener\">Introduction \u00e0 l&rsquo;\u00e9thique en sant\u00e9 publique 1 : contexte (2014)<\/a><\/li>\n<li><a href=\"https:\/\/ccnpps-ncchpp.ca\/fr\/introduction-a-lethique-en-sante-publique-2-fondements-philosophiques-et-theoriques\/\" target=\"_blank\" rel=\"noopener\">Introduction \u00e0 l&rsquo;\u00e9thique en sant\u00e9 publique 2 : fondements philosophiques et th\u00e9oriques (2015)<\/a><\/li>\n<li><a href=\"https:\/\/ccnpps-ncchpp.ca\/fr\/introduction-a-lethique-en-sante-publique-3-cadres-dethique-en-sante-publique\/\" target=\"_blank\" rel=\"noopener\">Introduction \u00e0 l&rsquo;\u00e9thique en sant\u00e9 publique 3 : cadres d&rsquo;\u00e9thique en sant\u00e9 publique (2015)<\/a><\/li>\n<\/ul>\n<h4><strong>\u00a0 \u00a0\u00c9tudes de cas<\/strong><\/h4>\n<\/div>\n<ul>\n<li><a href=\"https:\/\/nshencases.wordpress.com\/\" target=\"_blank\" rel=\"noopener\">Nova Scotia Health Ethics Network (NSHEN) Ethics Case Database (2020)<\/a><\/li>\n<li><a href=\"https:\/\/ccnpps-ncchpp.ca\/fr\/serie-de-resumes-de-cadres-de-reference-ethique-en-sante-publique-et-etudes-de-cas\/\" target=\"_blank\" rel=\"noopener\">S\u00e9rie de r\u00e9sum\u00e9s de cadres de r\u00e9f\u00e9rence \u00e9thique en sant\u00e9 publique et \u00e9tudes de cas (2019)<\/a><\/li>\n<li><a href=\"https:\/\/link.springer.com\/book\/10.1007\/978-3-319-23847-0\" target=\"_blank\" rel=\"noopener\">Public health ethics: Cases spanning the globe (2016)<\/a><\/li>\n<li><a href=\"https:\/\/ccnpps-ncchpp.ca\/fr\/ethique-en-sante-publique-et-des-populations-cas-tires-de-la-recherche-des-politiques-et-de-la-pratique\/\" target=\"_blank\" rel=\"noopener\">\u00c9thique en sant\u00e9 publique et des populations : Cas tir\u00e9s de la recherche, des politiques et de la pratique (2013)<\/a><\/li>\n<li><a href=\"https:\/\/ccnpps-ncchpp.ca\/fr\/questions-ethiques-en-temps-de-pandemie\/\" target=\"_blank\" rel=\"noopener\">\u00c9tudes de cas sur des questions \u00e9thiques en temps de pand\u00e9mie (2010)<\/a><\/li>\n<li><a href=\"https:\/\/ajph.aphapublications.org\/doi\/10.2105\/9780875531946\" target=\"_blank\" rel=\"noopener\">Case studies in public health ethics (2009)<\/a>. (Paywall)<\/li>\n<\/ul>\n<\/div>\n<h4><strong>\u00a0 \u00a0Cadres de r\u00e9f\u00e9rence<\/strong><\/h4>\n<ul>\n<li><a href=\"https:\/\/ccnpps-ncchpp.ca\/fr\/repertoire-cadres-de-reference-pour-lethique-en-sante-publique\/\" target=\"_blank\" rel=\"noopener\">R\u00e9pertoire &#8211; cadres de r\u00e9f\u00e9rence pour l&rsquo;\u00e9thique en sant\u00e9 publique (2019)<\/a><\/li>\n<\/ul>\n<\/div>\n<\/div>\n<\/div>\n<\/div>\n<\/div>\n<\/div>\n<\/div>\n<\/div>\n<\/div>\n<\/div>\n<\/form>\n<p>[\/et_pb_text][\/et_pb_column][\/et_pb_row][\/et_pb_section]<\/p>\n","protected":false},"excerpt":{"rendered":"<p>[et_pb_section fb_built=\u00a0\u00bb1&Prime; admin_label=\u00a0\u00bbsection\u00a0\u00bb _builder_version=\u00a0\u00bb3.22&Prime; min_height=\u00a0\u00bb2071.7px\u00a0\u00bb custom_padding=\u00a0\u00bb||0px|||\u00a0\u00bb][et_pb_row admin_label=\u00a0\u00bbrow\u00a0\u00bb _builder_version=\u00a0\u00bb3.25&Prime; background_size=\u00a0\u00bbinitial\u00a0\u00bb background_position=\u00a0\u00bbtop_left\u00a0\u00bb background_repeat=\u00a0\u00bbrepeat\u00a0\u00bb][et_pb_column type=\u00a0\u00bb4_4&Prime; _builder_version=\u00a0\u00bb3.25&Prime; custom_padding=\u00a0\u00bb|||\u00a0\u00bb custom_padding__hover=\u00a0\u00bb|||\u00a0\u00bb][et_pb_text admin_label=\u00a0\u00bbText\u00a0\u00bb _builder_version=\u00a0\u00bb4.9.1&Prime; background_size=\u00a0\u00bbinitial\u00a0\u00bb background_position=\u00a0\u00bbtop_left\u00a0\u00bb background_repeat=\u00a0\u00bbrepeat\u00a0\u00bb] Modules de formation en ligne &#8211; Introduction \u00e0 l&rsquo;\u00e9thique en [&hellip;]<\/p>\n","protected":false},"author":2,"featured_media":0,"parent":0,"menu_order":0,"comment_status":"closed","ping_status":"closed","template":"","meta":{"_et_pb_use_builder":"on","_et_pb_old_content":"","_et_gb_content_width":"","footnotes":""},"class_list":["post-18248","page","type-page","status-publish","hentry"],"yoast_head":"<!-- This site is optimized with the Yoast SEO Premium plugin v27.1 (Yoast SEO v27.1.1) - https:\/\/yoast.com\/product\/yoast-seo-premium-wordpress\/ -->\n<title>Modules de formation en ligne - Introduction \u00e0 l&#039;\u00e9thique en sant\u00e9 publique - Centre de collaboration nationale sur les politiques publiques et la sant\u00e9<\/title>\n<meta name=\"robots\" content=\"index, follow, max-snippet:-1, max-image-preview:large, max-video-preview:-1\" \/>\n<link rel=\"canonical\" href=\"https:\/\/ccnpps-ncchpp.ca\/fr\/modules-de-formation-en-ligne-introduction-a-lethique-en-sante-publique\/\" \/>\n<meta property=\"og:locale\" content=\"fr_FR\" \/>\n<meta property=\"og:type\" content=\"article\" \/>\n<meta property=\"og:title\" content=\"Modules de formation en ligne - Introduction \u00e0 l&#039;\u00e9thique en sant\u00e9 publique\" \/>\n<meta property=\"og:description\" content=\"[et_pb_section fb_built=\u00a0\u00bb1&Prime; admin_label=\u00a0\u00bbsection\u00a0\u00bb _builder_version=\u00a0\u00bb3.22&Prime; min_height=\u00a0\u00bb2071.7px\u00a0\u00bb custom_padding=\u00a0\u00bb||0px|||\u00a0\u00bb][et_pb_row admin_label=\u00a0\u00bbrow\u00a0\u00bb _builder_version=\u00a0\u00bb3.25&Prime; background_size=\u00a0\u00bbinitial\u00a0\u00bb background_position=\u00a0\u00bbtop_left\u00a0\u00bb background_repeat=\u00a0\u00bbrepeat\u00a0\u00bb][et_pb_column type=\u00a0\u00bb4_4&Prime; _builder_version=\u00a0\u00bb3.25&Prime; custom_padding=\u00a0\u00bb|||\u00a0\u00bb custom_padding__hover=\u00a0\u00bb|||\u00a0\u00bb][et_pb_text admin_label=\u00a0\u00bbText\u00a0\u00bb _builder_version=\u00a0\u00bb4.9.1&Prime; background_size=\u00a0\u00bbinitial\u00a0\u00bb background_position=\u00a0\u00bbtop_left\u00a0\u00bb background_repeat=\u00a0\u00bbrepeat\u00a0\u00bb] Modules de formation en ligne &#8211; Introduction \u00e0 l&rsquo;\u00e9thique en [&hellip;]\" \/>\n<meta property=\"og:url\" content=\"https:\/\/ccnpps-ncchpp.ca\/fr\/modules-de-formation-en-ligne-introduction-a-lethique-en-sante-publique\/\" \/>\n<meta property=\"og:site_name\" content=\"Centre de collaboration nationale sur les politiques publiques et la sant\u00e9\" \/>\n<meta property=\"article:publisher\" content=\"https:\/\/www.facebook.com\/CCNPPS.NCCHPP\" \/>\n<meta property=\"article:modified_time\" content=\"2024-08-27T20:30:59+00:00\" \/>\n<meta name=\"twitter:card\" content=\"summary_large_image\" \/>\n<meta name=\"twitter:site\" content=\"@NCCHPP\" \/>\n<meta name=\"twitter:label1\" content=\"Dur\u00e9e de lecture estim\u00e9e\" \/>\n\t<meta name=\"twitter:data1\" content=\"3 minutes\" \/>\n<script type=\"application\/ld+json\" class=\"yoast-schema-graph\">{\"@context\":\"https:\/\/schema.org\",\"@graph\":[{\"@type\":\"WebPage\",\"@id\":\"https:\/\/ccnpps-ncchpp.ca\/fr\/modules-de-formation-en-ligne-introduction-a-lethique-en-sante-publique\/\",\"url\":\"https:\/\/ccnpps-ncchpp.ca\/fr\/modules-de-formation-en-ligne-introduction-a-lethique-en-sante-publique\/\",\"name\":\"Modules de formation en ligne - Introduction \u00e0 l'\u00e9thique en sant\u00e9 publique - Centre de collaboration nationale sur les politiques publiques et la sant\u00e9\",\"isPartOf\":{\"@id\":\"https:\/\/ccnpps-ncchpp.ca\/fr\/#website\"},\"datePublished\":\"2021-05-28T00:39:11+00:00\",\"dateModified\":\"2024-08-27T20:30:59+00:00\",\"breadcrumb\":{\"@id\":\"https:\/\/ccnpps-ncchpp.ca\/fr\/modules-de-formation-en-ligne-introduction-a-lethique-en-sante-publique\/#breadcrumb\"},\"inLanguage\":\"fr-FR\",\"potentialAction\":[{\"@type\":\"ReadAction\",\"target\":[\"https:\/\/ccnpps-ncchpp.ca\/fr\/modules-de-formation-en-ligne-introduction-a-lethique-en-sante-publique\/\"]}]},{\"@type\":\"BreadcrumbList\",\"@id\":\"https:\/\/ccnpps-ncchpp.ca\/fr\/modules-de-formation-en-ligne-introduction-a-lethique-en-sante-publique\/#breadcrumb\",\"itemListElement\":[{\"@type\":\"ListItem\",\"position\":1,\"name\":\"Accueil\",\"item\":\"https:\/\/ccnpps-ncchpp.ca\/fr\/\"},{\"@type\":\"ListItem\",\"position\":2,\"name\":\"Modules de formation en ligne &#8211; Introduction \u00e0 l&#8217;\u00e9thique en sant\u00e9 publique\"}]},{\"@type\":\"WebSite\",\"@id\":\"https:\/\/ccnpps-ncchpp.ca\/fr\/#website\",\"url\":\"https:\/\/ccnpps-ncchpp.ca\/fr\/\",\"name\":\"Centre de collaboration nationale sur les politiques publiques et la sant\u00e9\",\"description\":\"\",\"publisher\":{\"@id\":\"https:\/\/ccnpps-ncchpp.ca\/fr\/#organization\"},\"potentialAction\":[{\"@type\":\"SearchAction\",\"target\":{\"@type\":\"EntryPoint\",\"urlTemplate\":\"https:\/\/ccnpps-ncchpp.ca\/fr\/?s={search_term_string}\"},\"query-input\":{\"@type\":\"PropertyValueSpecification\",\"valueRequired\":true,\"valueName\":\"search_term_string\"}}],\"inLanguage\":\"fr-FR\"},{\"@type\":\"Organization\",\"@id\":\"https:\/\/ccnpps-ncchpp.ca\/fr\/#organization\",\"name\":\"National Collaborating Centre for Healthy Public Policy\",\"alternateName\":\"CCNPPS\",\"url\":\"https:\/\/ccnpps-ncchpp.ca\/fr\/\",\"logo\":{\"@type\":\"ImageObject\",\"inLanguage\":\"fr-FR\",\"@id\":\"https:\/\/ccnpps-ncchpp.ca\/fr\/#\/schema\/logo\/image\/\",\"url\":\"https:\/\/ccnpps-ncchpp.ca\/wp-content\/uploads\/2021\/05\/Logorond250px.jpg\",\"contentUrl\":\"https:\/\/ccnpps-ncchpp.ca\/wp-content\/uploads\/2021\/05\/Logorond250px.jpg\",\"width\":250,\"height\":250,\"caption\":\"National Collaborating Centre for Healthy Public Policy\"},\"image\":{\"@id\":\"https:\/\/ccnpps-ncchpp.ca\/fr\/#\/schema\/logo\/image\/\"},\"sameAs\":[\"https:\/\/www.facebook.com\/CCNPPS.NCCHPP\",\"https:\/\/x.com\/NCCHPP\",\"https:\/\/twitter.com\/CCNPPS\"]}]}<\/script>\n<!-- \/ Yoast SEO Premium plugin. -->","yoast_head_json":{"title":"Modules de formation en ligne - Introduction \u00e0 l'\u00e9thique en sant\u00e9 publique - Centre de collaboration nationale sur les politiques publiques et la sant\u00e9","robots":{"index":"index","follow":"follow","max-snippet":"max-snippet:-1","max-image-preview":"max-image-preview:large","max-video-preview":"max-video-preview:-1"},"canonical":"https:\/\/ccnpps-ncchpp.ca\/fr\/modules-de-formation-en-ligne-introduction-a-lethique-en-sante-publique\/","og_locale":"fr_FR","og_type":"article","og_title":"Modules de formation en ligne - Introduction \u00e0 l'\u00e9thique en sant\u00e9 publique","og_description":"[et_pb_section fb_built=\u00a0\u00bb1&Prime; admin_label=\u00a0\u00bbsection\u00a0\u00bb _builder_version=\u00a0\u00bb3.22&Prime; min_height=\u00a0\u00bb2071.7px\u00a0\u00bb custom_padding=\u00a0\u00bb||0px|||\u00a0\u00bb][et_pb_row admin_label=\u00a0\u00bbrow\u00a0\u00bb _builder_version=\u00a0\u00bb3.25&Prime; background_size=\u00a0\u00bbinitial\u00a0\u00bb background_position=\u00a0\u00bbtop_left\u00a0\u00bb background_repeat=\u00a0\u00bbrepeat\u00a0\u00bb][et_pb_column type=\u00a0\u00bb4_4&Prime; _builder_version=\u00a0\u00bb3.25&Prime; custom_padding=\u00a0\u00bb|||\u00a0\u00bb custom_padding__hover=\u00a0\u00bb|||\u00a0\u00bb][et_pb_text admin_label=\u00a0\u00bbText\u00a0\u00bb _builder_version=\u00a0\u00bb4.9.1&Prime; background_size=\u00a0\u00bbinitial\u00a0\u00bb background_position=\u00a0\u00bbtop_left\u00a0\u00bb background_repeat=\u00a0\u00bbrepeat\u00a0\u00bb] Modules de formation en ligne &#8211; Introduction \u00e0 l&rsquo;\u00e9thique en [&hellip;]","og_url":"https:\/\/ccnpps-ncchpp.ca\/fr\/modules-de-formation-en-ligne-introduction-a-lethique-en-sante-publique\/","og_site_name":"Centre de collaboration nationale sur les politiques publiques et la sant\u00e9","article_publisher":"https:\/\/www.facebook.com\/CCNPPS.NCCHPP","article_modified_time":"2024-08-27T20:30:59+00:00","twitter_card":"summary_large_image","twitter_site":"@NCCHPP","twitter_misc":{"Dur\u00e9e de lecture estim\u00e9e":"3 minutes"},"schema":{"@context":"https:\/\/schema.org","@graph":[{"@type":"WebPage","@id":"https:\/\/ccnpps-ncchpp.ca\/fr\/modules-de-formation-en-ligne-introduction-a-lethique-en-sante-publique\/","url":"https:\/\/ccnpps-ncchpp.ca\/fr\/modules-de-formation-en-ligne-introduction-a-lethique-en-sante-publique\/","name":"Modules de formation en ligne - Introduction \u00e0 l'\u00e9thique en sant\u00e9 publique - Centre de collaboration nationale sur les politiques publiques et la sant\u00e9","isPartOf":{"@id":"https:\/\/ccnpps-ncchpp.ca\/fr\/#website"},"datePublished":"2021-05-28T00:39:11+00:00","dateModified":"2024-08-27T20:30:59+00:00","breadcrumb":{"@id":"https:\/\/ccnpps-ncchpp.ca\/fr\/modules-de-formation-en-ligne-introduction-a-lethique-en-sante-publique\/#breadcrumb"},"inLanguage":"fr-FR","potentialAction":[{"@type":"ReadAction","target":["https:\/\/ccnpps-ncchpp.ca\/fr\/modules-de-formation-en-ligne-introduction-a-lethique-en-sante-publique\/"]}]},{"@type":"BreadcrumbList","@id":"https:\/\/ccnpps-ncchpp.ca\/fr\/modules-de-formation-en-ligne-introduction-a-lethique-en-sante-publique\/#breadcrumb","itemListElement":[{"@type":"ListItem","position":1,"name":"Accueil","item":"https:\/\/ccnpps-ncchpp.ca\/fr\/"},{"@type":"ListItem","position":2,"name":"Modules de formation en ligne &#8211; Introduction \u00e0 l&#8217;\u00e9thique en sant\u00e9 publique"}]},{"@type":"WebSite","@id":"https:\/\/ccnpps-ncchpp.ca\/fr\/#website","url":"https:\/\/ccnpps-ncchpp.ca\/fr\/","name":"Centre de collaboration nationale sur les politiques publiques et la sant\u00e9","description":"","publisher":{"@id":"https:\/\/ccnpps-ncchpp.ca\/fr\/#organization"},"potentialAction":[{"@type":"SearchAction","target":{"@type":"EntryPoint","urlTemplate":"https:\/\/ccnpps-ncchpp.ca\/fr\/?s={search_term_string}"},"query-input":{"@type":"PropertyValueSpecification","valueRequired":true,"valueName":"search_term_string"}}],"inLanguage":"fr-FR"},{"@type":"Organization","@id":"https:\/\/ccnpps-ncchpp.ca\/fr\/#organization","name":"National Collaborating Centre for Healthy Public Policy","alternateName":"CCNPPS","url":"https:\/\/ccnpps-ncchpp.ca\/fr\/","logo":{"@type":"ImageObject","inLanguage":"fr-FR","@id":"https:\/\/ccnpps-ncchpp.ca\/fr\/#\/schema\/logo\/image\/","url":"https:\/\/ccnpps-ncchpp.ca\/wp-content\/uploads\/2021\/05\/Logorond250px.jpg","contentUrl":"https:\/\/ccnpps-ncchpp.ca\/wp-content\/uploads\/2021\/05\/Logorond250px.jpg","width":250,"height":250,"caption":"National Collaborating Centre for Healthy Public Policy"},"image":{"@id":"https:\/\/ccnpps-ncchpp.ca\/fr\/#\/schema\/logo\/image\/"},"sameAs":["https:\/\/www.facebook.com\/CCNPPS.NCCHPP","https:\/\/x.com\/NCCHPP","https:\/\/twitter.com\/CCNPPS"]}]}},"_links":{"self":[{"href":"https:\/\/ccnpps-ncchpp.ca\/fr\/wp-json\/wp\/v2\/pages\/18248","targetHints":{"allow":["GET"]}}],"collection":[{"href":"https:\/\/ccnpps-ncchpp.ca\/fr\/wp-json\/wp\/v2\/pages"}],"about":[{"href":"https:\/\/ccnpps-ncchpp.ca\/fr\/wp-json\/wp\/v2\/types\/page"}],"author":[{"embeddable":true,"href":"https:\/\/ccnpps-ncchpp.ca\/fr\/wp-json\/wp\/v2\/users\/2"}],"replies":[{"embeddable":true,"href":"https:\/\/ccnpps-ncchpp.ca\/fr\/wp-json\/wp\/v2\/comments?post=18248"}],"version-history":[{"count":0,"href":"https:\/\/ccnpps-ncchpp.ca\/fr\/wp-json\/wp\/v2\/pages\/18248\/revisions"}],"wp:attachment":[{"href":"https:\/\/ccnpps-ncchpp.ca\/fr\/wp-json\/wp\/v2\/media?parent=18248"}],"curies":[{"name":"wp","href":"https:\/\/api.w.org\/{rel}","templated":true}]}}