{"id":21013,"date":"2021-07-12T20:02:53","date_gmt":"2021-07-12T20:02:53","guid":{"rendered":"https:\/\/ncchpp.wpengine.com\/?page_id=21013"},"modified":"2023-02-21T16:00:38","modified_gmt":"2023-02-21T16:00:38","slug":"infrastructure-de-sante-publique","status":"publish","type":"page","link":"https:\/\/ccnpps-ncchpp.ca\/fr\/infrastructure-de-sante-publique\/","title":{"rendered":"Infrastructure de sant\u00e9 publique"},"content":{"rendered":"<p>[et_pb_section fb_built=\u00a0\u00bb1&Prime; _builder_version=\u00a0\u00bb4.9.1&Prime;][et_pb_row _builder_version=\u00a0\u00bb3.27.4&Prime;][et_pb_column type=\u00a0\u00bb4_4&Prime; _builder_version=\u00a0\u00bb3.27.4&Prime;][et_pb_text _builder_version=\u00a0\u00bb4.9.1&Prime; z_index_tablet=\u00a0\u00bb500&Prime; text_text_shadow_horizontal_length_tablet=\u00a0\u00bb0px\u00a0\u00bb text_text_shadow_vertical_length_tablet=\u00a0\u00bb0px\u00a0\u00bb text_text_shadow_blur_strength_tablet=\u00a0\u00bb1px\u00a0\u00bb link_text_shadow_horizontal_length_tablet=\u00a0\u00bb0px\u00a0\u00bb link_text_shadow_vertical_length_tablet=\u00a0\u00bb0px\u00a0\u00bb link_text_shadow_blur_strength_tablet=\u00a0\u00bb1px\u00a0\u00bb ul_text_shadow_horizontal_length_tablet=\u00a0\u00bb0px\u00a0\u00bb ul_text_shadow_vertical_length_tablet=\u00a0\u00bb0px\u00a0\u00bb ul_text_shadow_blur_strength_tablet=\u00a0\u00bb1px\u00a0\u00bb ol_text_shadow_horizontal_length_tablet=\u00a0\u00bb0px\u00a0\u00bb ol_text_shadow_vertical_length_tablet=\u00a0\u00bb0px\u00a0\u00bb ol_text_shadow_blur_strength_tablet=\u00a0\u00bb1px\u00a0\u00bb quote_text_shadow_horizontal_length_tablet=\u00a0\u00bb0px\u00a0\u00bb quote_text_shadow_vertical_length_tablet=\u00a0\u00bb0px\u00a0\u00bb quote_text_shadow_blur_strength_tablet=\u00a0\u00bb1px\u00a0\u00bb header_text_shadow_horizontal_length_tablet=\u00a0\u00bb0px\u00a0\u00bb header_text_shadow_vertical_length_tablet=\u00a0\u00bb0px\u00a0\u00bb header_text_shadow_blur_strength_tablet=\u00a0\u00bb1px\u00a0\u00bb header_2_text_shadow_horizontal_length_tablet=\u00a0\u00bb0px\u00a0\u00bb header_2_text_shadow_vertical_length_tablet=\u00a0\u00bb0px\u00a0\u00bb header_2_text_shadow_blur_strength_tablet=\u00a0\u00bb1px\u00a0\u00bb header_3_text_shadow_horizontal_length_tablet=\u00a0\u00bb0px\u00a0\u00bb header_3_text_shadow_vertical_length_tablet=\u00a0\u00bb0px\u00a0\u00bb header_3_text_shadow_blur_strength_tablet=\u00a0\u00bb1px\u00a0\u00bb header_4_text_shadow_horizontal_length_tablet=\u00a0\u00bb0px\u00a0\u00bb header_4_text_shadow_vertical_length_tablet=\u00a0\u00bb0px\u00a0\u00bb header_4_text_shadow_blur_strength_tablet=\u00a0\u00bb1px\u00a0\u00bb header_5_text_shadow_horizontal_length_tablet=\u00a0\u00bb0px\u00a0\u00bb header_5_text_shadow_vertical_length_tablet=\u00a0\u00bb0px\u00a0\u00bb header_5_text_shadow_blur_strength_tablet=\u00a0\u00bb1px\u00a0\u00bb header_6_text_shadow_horizontal_length_tablet=\u00a0\u00bb0px\u00a0\u00bb header_6_text_shadow_vertical_length_tablet=\u00a0\u00bb0px\u00a0\u00bb header_6_text_shadow_blur_strength_tablet=\u00a0\u00bb1px\u00a0\u00bb box_shadow_horizontal_tablet=\u00a0\u00bb0px\u00a0\u00bb box_shadow_vertical_tablet=\u00a0\u00bb0px\u00a0\u00bb box_shadow_blur_tablet=\u00a0\u00bb40px\u00a0\u00bb box_shadow_spread_tablet=\u00a0\u00bb0px\u00a0\u00bb]<\/p>\n<h1>Infrastructure de sant\u00e9 publique<\/h1>\n<p>[\/et_pb_text][\/et_pb_column][\/et_pb_row][et_pb_row column_structure=\u00a0\u00bb3_5,2_5&Prime; _builder_version=\u00a0\u00bb4.9.1&Prime; _module_preset=\u00a0\u00bbdefault\u00a0\u00bb][et_pb_column type=\u00a0\u00bb3_5&Prime; _builder_version=\u00a0\u00bb4.9.1&Prime; _module_preset=\u00a0\u00bbdefault\u00a0\u00bb][et_pb_text _builder_version=\u00a0\u00bb4.9.1&Prime; _module_preset=\u00a0\u00bbdefault\u00a0\u00bb custom_margin=\u00a0\u00bb|-110px||||\u00a0\u00bb hover_enabled=\u00a0\u00bb0&Prime; sticky_enabled=\u00a0\u00bb0&Prime;]<\/p>\n<p>L\u2019infrastructure de sant\u00e9 publique est complexe et vari\u00e9e au Canada notamment en raison de la r\u00e9partition des comp\u00e9tences entre les gouvernements f\u00e9d\u00e9ral, provinciaux, territoriaux et autochtones. Cette infrastructure est compos\u00e9e d\u2019un ensemble de syst\u00e8mes comprenant diverses structures de gouvernance compos\u00e9es d\u2019organisations aux mandats et au financement vari\u00e9s, d\u2019une main d\u2019\u0153uvre aux comp\u00e9tences multiples et d\u2019institutions offrant des formations et faisant de la recherche. Pris ensemble, ces \u00e9l\u00e9ments sont essentiels \u00e0 la protection et \u00e0 l\u2019am\u00e9lioration de la sant\u00e9 et du bien-\u00eatre des populations, \u00e0 la r\u00e9duction des in\u00e9galit\u00e9s de sant\u00e9 et \u00e0 la viabilit\u00e9 des syst\u00e8mes de soins de sant\u00e9.<\/p>\n<p>Dans cette section, vous trouverez une s\u00e9rie de 13 profils d\u00e9crivant les syst\u00e8mes de sant\u00e9 publique des provinces et des territoires accompagn\u00e9s d\u2019un document additionnel portant sur la m\u00e9thodologie. Vous y trouverez \u00e9galement la derni\u00e8re mise \u00e0 jour (2018) du Profil structurel de la sant\u00e9 publique au Canada qui offre une vue d\u2019ensemble des principales structures gouvernementales et paragouvernementales responsables de la sant\u00e9 publique dans les diff\u00e9rentes juridictions, ainsi que la derni\u00e8re mise \u00e0 jour (2019) de la section du Profil portant sur les structures d\u00e9di\u00e9es \u00e0 la sant\u00e9 autochtone. Ces ressources pourront aider les professionnels, les chercheurs, les \u00e9tudiants et les d\u00e9cideurs en sant\u00e9 publique \u00e0 s\u2019y retrouver dans ces syst\u00e8mes complexes. Elles pourront \u00e9galement contribuer \u00e0 \u00e9clairer les r\u00e9flexions et les d\u00e9cisions sur le renforcement de ces syst\u00e8mes \u00e0 la lumi\u00e8re de la pand\u00e9mie de COVID-19.<\/p>\n<p>Pour consulter nos ressources du projet Infrastructure de sant\u00e9 publique, cliquez sur les liens ci-dessous :<\/p>\n<p><a href=\"https:\/\/ccnpps-ncchpp.ca\/fr\/infrastructure-de-sante-publique\/publications\/\"><strong>Publications<\/strong><\/a><\/p>\n<p><a href=\"https:\/\/ccnpps-ncchpp.ca\/fr\/infrastructure-de-sante-publique\/presentations-et-webinaires\/\"><strong>Pr\u00e9sentations et webinaires<\/strong><\/a><\/p>\n<p>&nbsp;<\/p>\n<p>[\/et_pb_text][\/et_pb_column][et_pb_column type=\u00a0\u00bb2_5&Prime; _builder_version=\u00a0\u00bb4.9.1&Prime; _module_preset=\u00a0\u00bbdefault\u00a0\u00bb][et_pb_image src=\u00a0\u00bbhttps:\/\/ncchpp.wpengine.com\/wp-content\/uploads\/2021\/07\/iStock-464268089-1-scaled.jpg\u00a0\u00bb title_text=\u00a0\u00bbAbstract Cubes Background\u00a0\u00bb _builder_version=\u00a0\u00bb4.9.1&Prime; _module_preset=\u00a0\u00bbdefault\u00a0\u00bb width=\u00a0\u00bb97.2%\u00a0\u00bb custom_padding=\u00a0\u00bb|||86px||\u00a0\u00bb custom_css_main_element=\u00a0\u00bbfilter: drop-shadow(2px 4px 6px black);||\t\t\t margin-left: 2px;\u00a0\u00bb border_radii=\u00a0\u00bbon|15px|15px|15px|15px\u00a0\u00bb][\/et_pb_image][et_pb_text _builder_version=\u00a0\u00bb4.9.1&Prime; _module_preset=\u00a0\u00bbdefault\u00a0\u00bb text_font_size=\u00a0\u00bb10px\u00a0\u00bb custom_margin=\u00a0\u00bb-17px||-70px|84px||\u00a0\u00bb]<\/p>\n<p>Image : \u00a9 iStockphoto.com\/ welcomia<\/p>\n<p>[\/et_pb_text][\/et_pb_column][\/et_pb_row][\/et_pb_section]<\/p>\n","protected":false},"excerpt":{"rendered":"<p>L\u2019infrastructure de sant\u00e9 publique est complexe et vari\u00e9e au Canada notamment en raison de la r\u00e9partition des comp\u00e9tences entre les gouvernements f\u00e9d\u00e9ral, provinciaux, territoriaux et autochtones. Cette page pr\u00e9sente une description du projet Infrastructure de sant\u00e9 publique, men\u00e9 par le CCNPPS.<\/p>\n","protected":false},"author":2,"featured_media":21016,"parent":0,"menu_order":0,"comment_status":"closed","ping_status":"closed","template":"","meta":{"_et_pb_use_builder":"on","_et_pb_old_content":"","_et_gb_content_width":"","footnotes":""},"class_list":["post-21013","page","type-page","status-publish","has-post-thumbnail","hentry"],"yoast_head":"<!-- This site is optimized with the Yoast SEO Premium plugin v27.5 (Yoast SEO v27.5) - https:\/\/yoast.com\/product\/yoast-seo-premium-wordpress\/ -->\n<title>Infrastructure de sant\u00e9 publique - Centre de collaboration nationale sur les politiques publiques et la sant\u00e9<\/title>\n<meta name=\"robots\" content=\"index, follow, max-snippet:-1, max-image-preview:large, max-video-preview:-1\" \/>\n<link rel=\"canonical\" href=\"https:\/\/ccnpps-ncchpp.ca\/fr\/infrastructure-de-sante-publique\/\" \/>\n<meta property=\"og:locale\" content=\"fr_FR\" \/>\n<meta property=\"og:type\" content=\"article\" \/>\n<meta property=\"og:title\" content=\"Infrastructure de sant\u00e9 publique\" \/>\n<meta property=\"og:description\" content=\"L\u2019infrastructure de sant\u00e9 publique est complexe et vari\u00e9e au Canada notamment en raison de la r\u00e9partition des comp\u00e9tences entre les gouvernements f\u00e9d\u00e9ral, provinciaux, territoriaux et autochtones. Cette page pr\u00e9sente une description du projet Infrastructure de sant\u00e9 publique, men\u00e9 par le CCNPPS.\" \/>\n<meta property=\"og:url\" content=\"https:\/\/ccnpps-ncchpp.ca\/fr\/infrastructure-de-sante-publique\/\" \/>\n<meta property=\"og:site_name\" content=\"Centre de collaboration nationale sur les politiques publiques et la sant\u00e9\" \/>\n<meta property=\"article:publisher\" content=\"https:\/\/www.facebook.com\/CCNPPS.NCCHPP\" \/>\n<meta property=\"article:modified_time\" content=\"2023-02-21T16:00:38+00:00\" \/>\n<meta property=\"og:image\" content=\"https:\/\/ccnpps-ncchpp.ca\/wp-content\/uploads\/2021\/07\/Infrastructures_300x400.jpg\" \/>\n\t<meta property=\"og:image:width\" content=\"300\" \/>\n\t<meta property=\"og:image:height\" content=\"400\" \/>\n\t<meta property=\"og:image:type\" content=\"image\/jpeg\" \/>\n<meta name=\"twitter:card\" content=\"summary_large_image\" \/>\n<meta name=\"twitter:site\" content=\"@NCCHPP\" \/>\n<meta name=\"twitter:label1\" content=\"Dur\u00e9e de lecture estim\u00e9e\" \/>\n\t<meta name=\"twitter:data1\" content=\"4 minutes\" \/>\n<script type=\"application\/ld+json\" class=\"yoast-schema-graph\">{\"@context\":\"https:\\\/\\\/schema.org\",\"@graph\":[{\"@type\":\"WebPage\",\"@id\":\"https:\\\/\\\/ccnpps-ncchpp.ca\\\/fr\\\/infrastructure-de-sante-publique\\\/\",\"url\":\"https:\\\/\\\/ccnpps-ncchpp.ca\\\/fr\\\/infrastructure-de-sante-publique\\\/\",\"name\":\"Infrastructure de sant\u00e9 publique - Centre de collaboration nationale sur les politiques publiques et la sant\u00e9\",\"isPartOf\":{\"@id\":\"https:\\\/\\\/ccnpps-ncchpp.ca\\\/fr\\\/#website\"},\"primaryImageOfPage\":{\"@id\":\"https:\\\/\\\/ccnpps-ncchpp.ca\\\/fr\\\/infrastructure-de-sante-publique\\\/#primaryimage\"},\"image\":{\"@id\":\"https:\\\/\\\/ccnpps-ncchpp.ca\\\/fr\\\/infrastructure-de-sante-publique\\\/#primaryimage\"},\"thumbnailUrl\":\"https:\\\/\\\/ccnpps-ncchpp.ca\\\/wp-content\\\/uploads\\\/2021\\\/07\\\/Infrastructures_300x400.jpg\",\"datePublished\":\"2021-07-12T20:02:53+00:00\",\"dateModified\":\"2023-02-21T16:00:38+00:00\",\"breadcrumb\":{\"@id\":\"https:\\\/\\\/ccnpps-ncchpp.ca\\\/fr\\\/infrastructure-de-sante-publique\\\/#breadcrumb\"},\"inLanguage\":\"fr-FR\",\"potentialAction\":[{\"@type\":\"ReadAction\",\"target\":[\"https:\\\/\\\/ccnpps-ncchpp.ca\\\/fr\\\/infrastructure-de-sante-publique\\\/\"]}]},{\"@type\":\"ImageObject\",\"inLanguage\":\"fr-FR\",\"@id\":\"https:\\\/\\\/ccnpps-ncchpp.ca\\\/fr\\\/infrastructure-de-sante-publique\\\/#primaryimage\",\"url\":\"https:\\\/\\\/ccnpps-ncchpp.ca\\\/wp-content\\\/uploads\\\/2021\\\/07\\\/Infrastructures_300x400.jpg\",\"contentUrl\":\"https:\\\/\\\/ccnpps-ncchpp.ca\\\/wp-content\\\/uploads\\\/2021\\\/07\\\/Infrastructures_300x400.jpg\",\"width\":300,\"height\":400},{\"@type\":\"BreadcrumbList\",\"@id\":\"https:\\\/\\\/ccnpps-ncchpp.ca\\\/fr\\\/infrastructure-de-sante-publique\\\/#breadcrumb\",\"itemListElement\":[{\"@type\":\"ListItem\",\"position\":1,\"name\":\"Accueil\",\"item\":\"https:\\\/\\\/ccnpps-ncchpp.ca\\\/fr\\\/\"},{\"@type\":\"ListItem\",\"position\":2,\"name\":\"Infrastructure de sant\u00e9 publique\"}]},{\"@type\":\"WebSite\",\"@id\":\"https:\\\/\\\/ccnpps-ncchpp.ca\\\/fr\\\/#website\",\"url\":\"https:\\\/\\\/ccnpps-ncchpp.ca\\\/fr\\\/\",\"name\":\"Centre de collaboration nationale sur les politiques publiques et la sant\u00e9\",\"description\":\"\",\"publisher\":{\"@id\":\"https:\\\/\\\/ccnpps-ncchpp.ca\\\/fr\\\/#organization\"},\"potentialAction\":[{\"@type\":\"SearchAction\",\"target\":{\"@type\":\"EntryPoint\",\"urlTemplate\":\"https:\\\/\\\/ccnpps-ncchpp.ca\\\/fr\\\/?s={search_term_string}\"},\"query-input\":{\"@type\":\"PropertyValueSpecification\",\"valueRequired\":true,\"valueName\":\"search_term_string\"}}],\"inLanguage\":\"fr-FR\"},{\"@type\":\"Organization\",\"@id\":\"https:\\\/\\\/ccnpps-ncchpp.ca\\\/fr\\\/#organization\",\"name\":\"National Collaborating Centre for Healthy Public Policy\",\"alternateName\":\"CCNPPS\",\"url\":\"https:\\\/\\\/ccnpps-ncchpp.ca\\\/fr\\\/\",\"logo\":{\"@type\":\"ImageObject\",\"inLanguage\":\"fr-FR\",\"@id\":\"https:\\\/\\\/ccnpps-ncchpp.ca\\\/fr\\\/#\\\/schema\\\/logo\\\/image\\\/\",\"url\":\"https:\\\/\\\/ccnpps-ncchpp.ca\\\/wp-content\\\/uploads\\\/2021\\\/05\\\/Logorond250px.jpg\",\"contentUrl\":\"https:\\\/\\\/ccnpps-ncchpp.ca\\\/wp-content\\\/uploads\\\/2021\\\/05\\\/Logorond250px.jpg\",\"width\":250,\"height\":250,\"caption\":\"National Collaborating Centre for Healthy Public Policy\"},\"image\":{\"@id\":\"https:\\\/\\\/ccnpps-ncchpp.ca\\\/fr\\\/#\\\/schema\\\/logo\\\/image\\\/\"},\"sameAs\":[\"https:\\\/\\\/www.facebook.com\\\/CCNPPS.NCCHPP\",\"https:\\\/\\\/x.com\\\/NCCHPP\",\"https:\\\/\\\/twitter.com\\\/CCNPPS\"]}]}<\/script>\n<!-- \/ Yoast SEO Premium plugin. -->","yoast_head_json":{"title":"Infrastructure de sant\u00e9 publique - Centre de collaboration nationale sur les politiques publiques et la sant\u00e9","robots":{"index":"index","follow":"follow","max-snippet":"max-snippet:-1","max-image-preview":"max-image-preview:large","max-video-preview":"max-video-preview:-1"},"canonical":"https:\/\/ccnpps-ncchpp.ca\/fr\/infrastructure-de-sante-publique\/","og_locale":"fr_FR","og_type":"article","og_title":"Infrastructure de sant\u00e9 publique","og_description":"L\u2019infrastructure de sant\u00e9 publique est complexe et vari\u00e9e au Canada notamment en raison de la r\u00e9partition des comp\u00e9tences entre les gouvernements f\u00e9d\u00e9ral, provinciaux, territoriaux et autochtones. Cette page pr\u00e9sente une description du projet Infrastructure de sant\u00e9 publique, men\u00e9 par le CCNPPS.","og_url":"https:\/\/ccnpps-ncchpp.ca\/fr\/infrastructure-de-sante-publique\/","og_site_name":"Centre de collaboration nationale sur les politiques publiques et la sant\u00e9","article_publisher":"https:\/\/www.facebook.com\/CCNPPS.NCCHPP","article_modified_time":"2023-02-21T16:00:38+00:00","og_image":[{"width":300,"height":400,"url":"https:\/\/ccnpps-ncchpp.ca\/wp-content\/uploads\/2021\/07\/Infrastructures_300x400.jpg","type":"image\/jpeg"}],"twitter_card":"summary_large_image","twitter_site":"@NCCHPP","twitter_misc":{"Dur\u00e9e de lecture estim\u00e9e":"4 minutes"},"schema":{"@context":"https:\/\/schema.org","@graph":[{"@type":"WebPage","@id":"https:\/\/ccnpps-ncchpp.ca\/fr\/infrastructure-de-sante-publique\/","url":"https:\/\/ccnpps-ncchpp.ca\/fr\/infrastructure-de-sante-publique\/","name":"Infrastructure de sant\u00e9 publique - Centre de collaboration nationale sur les politiques publiques et la sant\u00e9","isPartOf":{"@id":"https:\/\/ccnpps-ncchpp.ca\/fr\/#website"},"primaryImageOfPage":{"@id":"https:\/\/ccnpps-ncchpp.ca\/fr\/infrastructure-de-sante-publique\/#primaryimage"},"image":{"@id":"https:\/\/ccnpps-ncchpp.ca\/fr\/infrastructure-de-sante-publique\/#primaryimage"},"thumbnailUrl":"https:\/\/ccnpps-ncchpp.ca\/wp-content\/uploads\/2021\/07\/Infrastructures_300x400.jpg","datePublished":"2021-07-12T20:02:53+00:00","dateModified":"2023-02-21T16:00:38+00:00","breadcrumb":{"@id":"https:\/\/ccnpps-ncchpp.ca\/fr\/infrastructure-de-sante-publique\/#breadcrumb"},"inLanguage":"fr-FR","potentialAction":[{"@type":"ReadAction","target":["https:\/\/ccnpps-ncchpp.ca\/fr\/infrastructure-de-sante-publique\/"]}]},{"@type":"ImageObject","inLanguage":"fr-FR","@id":"https:\/\/ccnpps-ncchpp.ca\/fr\/infrastructure-de-sante-publique\/#primaryimage","url":"https:\/\/ccnpps-ncchpp.ca\/wp-content\/uploads\/2021\/07\/Infrastructures_300x400.jpg","contentUrl":"https:\/\/ccnpps-ncchpp.ca\/wp-content\/uploads\/2021\/07\/Infrastructures_300x400.jpg","width":300,"height":400},{"@type":"BreadcrumbList","@id":"https:\/\/ccnpps-ncchpp.ca\/fr\/infrastructure-de-sante-publique\/#breadcrumb","itemListElement":[{"@type":"ListItem","position":1,"name":"Accueil","item":"https:\/\/ccnpps-ncchpp.ca\/fr\/"},{"@type":"ListItem","position":2,"name":"Infrastructure de sant\u00e9 publique"}]},{"@type":"WebSite","@id":"https:\/\/ccnpps-ncchpp.ca\/fr\/#website","url":"https:\/\/ccnpps-ncchpp.ca\/fr\/","name":"Centre de collaboration nationale sur les politiques publiques et la sant\u00e9","description":"","publisher":{"@id":"https:\/\/ccnpps-ncchpp.ca\/fr\/#organization"},"potentialAction":[{"@type":"SearchAction","target":{"@type":"EntryPoint","urlTemplate":"https:\/\/ccnpps-ncchpp.ca\/fr\/?s={search_term_string}"},"query-input":{"@type":"PropertyValueSpecification","valueRequired":true,"valueName":"search_term_string"}}],"inLanguage":"fr-FR"},{"@type":"Organization","@id":"https:\/\/ccnpps-ncchpp.ca\/fr\/#organization","name":"National Collaborating Centre for Healthy Public Policy","alternateName":"CCNPPS","url":"https:\/\/ccnpps-ncchpp.ca\/fr\/","logo":{"@type":"ImageObject","inLanguage":"fr-FR","@id":"https:\/\/ccnpps-ncchpp.ca\/fr\/#\/schema\/logo\/image\/","url":"https:\/\/ccnpps-ncchpp.ca\/wp-content\/uploads\/2021\/05\/Logorond250px.jpg","contentUrl":"https:\/\/ccnpps-ncchpp.ca\/wp-content\/uploads\/2021\/05\/Logorond250px.jpg","width":250,"height":250,"caption":"National Collaborating Centre for Healthy Public Policy"},"image":{"@id":"https:\/\/ccnpps-ncchpp.ca\/fr\/#\/schema\/logo\/image\/"},"sameAs":["https:\/\/www.facebook.com\/CCNPPS.NCCHPP","https:\/\/x.com\/NCCHPP","https:\/\/twitter.com\/CCNPPS"]}]}},"_links":{"self":[{"href":"https:\/\/ccnpps-ncchpp.ca\/fr\/wp-json\/wp\/v2\/pages\/21013","targetHints":{"allow":["GET"]}}],"collection":[{"href":"https:\/\/ccnpps-ncchpp.ca\/fr\/wp-json\/wp\/v2\/pages"}],"about":[{"href":"https:\/\/ccnpps-ncchpp.ca\/fr\/wp-json\/wp\/v2\/types\/page"}],"author":[{"embeddable":true,"href":"https:\/\/ccnpps-ncchpp.ca\/fr\/wp-json\/wp\/v2\/users\/2"}],"replies":[{"embeddable":true,"href":"https:\/\/ccnpps-ncchpp.ca\/fr\/wp-json\/wp\/v2\/comments?post=21013"}],"version-history":[{"count":0,"href":"https:\/\/ccnpps-ncchpp.ca\/fr\/wp-json\/wp\/v2\/pages\/21013\/revisions"}],"wp:featuredmedia":[{"embeddable":true,"href":"https:\/\/ccnpps-ncchpp.ca\/fr\/wp-json\/wp\/v2\/media\/21016"}],"wp:attachment":[{"href":"https:\/\/ccnpps-ncchpp.ca\/fr\/wp-json\/wp\/v2\/media?parent=21013"}],"curies":[{"name":"wp","href":"https:\/\/api.w.org\/{rel}","templated":true}]}}