{"id":24450,"date":"2022-10-17T15:21:40","date_gmt":"2022-10-17T15:21:40","guid":{"rendered":"https:\/\/ccnpps-ncchpp.ca\/?page_id=24450"},"modified":"2024-03-21T19:28:24","modified_gmt":"2024-03-21T19:28:24","slug":"global-network-for-health-in-all-policies","status":"publish","type":"page","link":"https:\/\/ccnpps-ncchpp.ca\/fr\/sante-dans-toutes-les-politiques\/global-network-for-health-in-all-policies\/","title":{"rendered":"Global Network for Health in All Policies"},"content":{"rendered":"<p>[et_pb_section fb_built=\u00a0\u00bb1&Prime; _builder_version=\u00a0\u00bb3.27.4&Prime;][et_pb_row _builder_version=\u00a0\u00bb3.27.4&Prime;][et_pb_column type=\u00a0\u00bb4_4&Prime; _builder_version=\u00a0\u00bb3.27.4&Prime;][et_pb_text _builder_version=\u00a0\u00bb4.9.1&Prime; hover_enabled=\u00a0\u00bb0&Prime; sticky_enabled=\u00a0\u00bb0&Prime;]<\/p>\n<h1>Global Network for Health in All Policies<\/p>\n<\/h1>\n<p>[\/et_pb_text][et_pb_text _builder_version=\u00a0\u00bb4.9.1&Prime; custom_margin=\u00a0\u00bb-39px|||||\u00a0\u00bb]<\/p>\n<p>Cette section pr\u00e9sente quelques activit\u00e9s du Global Network for Health in All Policies (GNHIAP). Le GNHIAP est une initiative men\u00e9e par plusieurs pays dont la mission consiste \u00e0 travailler avec diff\u00e9rents acteurs pour aborder les d\u00e9terminants de la sant\u00e9 en renfor\u00e7ant l&rsquo;approche de la Sant\u00e9 dans toutes les politiques (SdTP) tout en visant \u00e0 soutenir la mise en oeuvre des objectifs de d\u00e9veloppement durables et de la couverture de soins universelle. Le CCNPPS est un membre actif du GNHIAP et il en assure le mandat de secr\u00e9tariat depuis 2020.<\/p>\n<p>Pour consulter l&rsquo;ensemble des ressources offertes par le GNHIAP, visitez leur <a href=\"https:\/\/actionsdg.ctb.ku.edu\/\" target=\"_blank\" rel=\"noopener\">site web<\/a>.<\/p>\n<p>[\/et_pb_text][et_pb_blog include_categories=\u00a0\u00bb191&Prime; meta_date=\u00a0\u00bbj M Y\u00a0\u00bb excerpt_length=\u00a0\u00bb100&Prime; show_more=\u00a0\u00bbon\u00a0\u00bb show_author=\u00a0\u00bboff\u00a0\u00bb show_categories=\u00a0\u00bboff\u00a0\u00bb module_class=\u00a0\u00bbliste\u00a0\u00bb _builder_version=\u00a0\u00bb4.9.1&Prime; header_level=\u00a0\u00bbh5&Prime; header_font_size=\u00a0\u00bb18px\u00a0\u00bb header_line_height=\u00a0\u00bb1.7em\u00a0\u00bb body_font_size=\u00a0\u00bb14px\u00a0\u00bb width=\u00a0\u00bb100%\u00a0\u00bb custom_margin=\u00a0\u00bb|184px||0px|false|false\u00a0\u00bb][\/et_pb_blog][\/et_pb_column][\/et_pb_row][\/et_pb_section]<\/p>\n","protected":false},"excerpt":{"rendered":"<p>Cette page pr\u00e9sente les activit\u00e9s offertes par le Global Network for Health in All Policies (GNHIAP).<\/p>\n","protected":false},"author":2,"featured_media":0,"parent":2218,"menu_order":0,"comment_status":"closed","ping_status":"closed","template":"","meta":{"_et_pb_use_builder":"on","_et_pb_old_content":"","_et_gb_content_width":"","footnotes":""},"class_list":["post-24450","page","type-page","status-publish","hentry"],"yoast_head":"<!-- This site is optimized with the Yoast SEO Premium plugin v27.5 (Yoast SEO v27.5) - https:\/\/yoast.com\/product\/yoast-seo-premium-wordpress\/ -->\n<title>Global Network for Health in All Policies - Centre de collaboration nationale sur les politiques publiques et la sant\u00e9<\/title>\n<meta name=\"robots\" content=\"index, follow, max-snippet:-1, max-image-preview:large, max-video-preview:-1\" \/>\n<link rel=\"canonical\" href=\"https:\/\/ccnpps-ncchpp.ca\/fr\/sante-dans-toutes-les-politiques\/global-network-for-health-in-all-policies\/\" \/>\n<meta property=\"og:locale\" content=\"fr_FR\" \/>\n<meta property=\"og:type\" content=\"article\" \/>\n<meta property=\"og:title\" content=\"Global Network for Health in All Policies\" \/>\n<meta property=\"og:description\" content=\"Cette page pr\u00e9sente les activit\u00e9s offertes par le Global Network for Health in All Policies (GNHIAP).\" \/>\n<meta property=\"og:url\" content=\"https:\/\/ccnpps-ncchpp.ca\/fr\/sante-dans-toutes-les-politiques\/global-network-for-health-in-all-policies\/\" \/>\n<meta property=\"og:site_name\" content=\"Centre de collaboration nationale sur les politiques publiques et la sant\u00e9\" \/>\n<meta property=\"article:publisher\" content=\"https:\/\/www.facebook.com\/CCNPPS.NCCHPP\" \/>\n<meta property=\"article:modified_time\" content=\"2024-03-21T19:28:24+00:00\" \/>\n<meta name=\"twitter:card\" content=\"summary_large_image\" \/>\n<meta name=\"twitter:site\" content=\"@NCCHPP\" \/>\n<meta name=\"twitter:label1\" content=\"Dur\u00e9e de lecture estim\u00e9e\" \/>\n\t<meta name=\"twitter:data1\" content=\"1 minute\" \/>\n<script type=\"application\/ld+json\" class=\"yoast-schema-graph\">{\"@context\":\"https:\\\/\\\/schema.org\",\"@graph\":[{\"@type\":\"WebPage\",\"@id\":\"https:\\\/\\\/ccnpps-ncchpp.ca\\\/fr\\\/sante-dans-toutes-les-politiques\\\/global-network-for-health-in-all-policies\\\/\",\"url\":\"https:\\\/\\\/ccnpps-ncchpp.ca\\\/fr\\\/sante-dans-toutes-les-politiques\\\/global-network-for-health-in-all-policies\\\/\",\"name\":\"Global Network for Health in All Policies - Centre de collaboration nationale sur les politiques publiques et la sant\u00e9\",\"isPartOf\":{\"@id\":\"https:\\\/\\\/ccnpps-ncchpp.ca\\\/fr\\\/#website\"},\"datePublished\":\"2022-10-17T15:21:40+00:00\",\"dateModified\":\"2024-03-21T19:28:24+00:00\",\"breadcrumb\":{\"@id\":\"https:\\\/\\\/ccnpps-ncchpp.ca\\\/fr\\\/sante-dans-toutes-les-politiques\\\/global-network-for-health-in-all-policies\\\/#breadcrumb\"},\"inLanguage\":\"fr-FR\",\"potentialAction\":[{\"@type\":\"ReadAction\",\"target\":[\"https:\\\/\\\/ccnpps-ncchpp.ca\\\/fr\\\/sante-dans-toutes-les-politiques\\\/global-network-for-health-in-all-policies\\\/\"]}]},{\"@type\":\"BreadcrumbList\",\"@id\":\"https:\\\/\\\/ccnpps-ncchpp.ca\\\/fr\\\/sante-dans-toutes-les-politiques\\\/global-network-for-health-in-all-policies\\\/#breadcrumb\",\"itemListElement\":[{\"@type\":\"ListItem\",\"position\":1,\"name\":\"Accueil\",\"item\":\"https:\\\/\\\/ccnpps-ncchpp.ca\\\/fr\\\/\"},{\"@type\":\"ListItem\",\"position\":2,\"name\":\"Sant\u00e9 dans toutes les politiques\",\"item\":\"https:\\\/\\\/ccnpps-ncchpp.ca\\\/fr\\\/sante-dans-toutes-les-politiques\\\/\"},{\"@type\":\"ListItem\",\"position\":3,\"name\":\"Global Network for Health in All Policies\"}]},{\"@type\":\"WebSite\",\"@id\":\"https:\\\/\\\/ccnpps-ncchpp.ca\\\/fr\\\/#website\",\"url\":\"https:\\\/\\\/ccnpps-ncchpp.ca\\\/fr\\\/\",\"name\":\"Centre de collaboration nationale sur les politiques publiques et la sant\u00e9\",\"description\":\"\",\"publisher\":{\"@id\":\"https:\\\/\\\/ccnpps-ncchpp.ca\\\/fr\\\/#organization\"},\"potentialAction\":[{\"@type\":\"SearchAction\",\"target\":{\"@type\":\"EntryPoint\",\"urlTemplate\":\"https:\\\/\\\/ccnpps-ncchpp.ca\\\/fr\\\/?s={search_term_string}\"},\"query-input\":{\"@type\":\"PropertyValueSpecification\",\"valueRequired\":true,\"valueName\":\"search_term_string\"}}],\"inLanguage\":\"fr-FR\"},{\"@type\":\"Organization\",\"@id\":\"https:\\\/\\\/ccnpps-ncchpp.ca\\\/fr\\\/#organization\",\"name\":\"National Collaborating Centre for Healthy Public Policy\",\"alternateName\":\"CCNPPS\",\"url\":\"https:\\\/\\\/ccnpps-ncchpp.ca\\\/fr\\\/\",\"logo\":{\"@type\":\"ImageObject\",\"inLanguage\":\"fr-FR\",\"@id\":\"https:\\\/\\\/ccnpps-ncchpp.ca\\\/fr\\\/#\\\/schema\\\/logo\\\/image\\\/\",\"url\":\"https:\\\/\\\/ccnpps-ncchpp.ca\\\/wp-content\\\/uploads\\\/2021\\\/05\\\/Logorond250px.jpg\",\"contentUrl\":\"https:\\\/\\\/ccnpps-ncchpp.ca\\\/wp-content\\\/uploads\\\/2021\\\/05\\\/Logorond250px.jpg\",\"width\":250,\"height\":250,\"caption\":\"National Collaborating Centre for Healthy Public Policy\"},\"image\":{\"@id\":\"https:\\\/\\\/ccnpps-ncchpp.ca\\\/fr\\\/#\\\/schema\\\/logo\\\/image\\\/\"},\"sameAs\":[\"https:\\\/\\\/www.facebook.com\\\/CCNPPS.NCCHPP\",\"https:\\\/\\\/x.com\\\/NCCHPP\",\"https:\\\/\\\/twitter.com\\\/CCNPPS\"]}]}<\/script>\n<!-- \/ Yoast SEO Premium plugin. -->","yoast_head_json":{"title":"Global Network for Health in All Policies - Centre de collaboration nationale sur les politiques publiques et la sant\u00e9","robots":{"index":"index","follow":"follow","max-snippet":"max-snippet:-1","max-image-preview":"max-image-preview:large","max-video-preview":"max-video-preview:-1"},"canonical":"https:\/\/ccnpps-ncchpp.ca\/fr\/sante-dans-toutes-les-politiques\/global-network-for-health-in-all-policies\/","og_locale":"fr_FR","og_type":"article","og_title":"Global Network for Health in All Policies","og_description":"Cette page pr\u00e9sente les activit\u00e9s offertes par le Global Network for Health in All Policies (GNHIAP).","og_url":"https:\/\/ccnpps-ncchpp.ca\/fr\/sante-dans-toutes-les-politiques\/global-network-for-health-in-all-policies\/","og_site_name":"Centre de collaboration nationale sur les politiques publiques et la sant\u00e9","article_publisher":"https:\/\/www.facebook.com\/CCNPPS.NCCHPP","article_modified_time":"2024-03-21T19:28:24+00:00","twitter_card":"summary_large_image","twitter_site":"@NCCHPP","twitter_misc":{"Dur\u00e9e de lecture estim\u00e9e":"1 minute"},"schema":{"@context":"https:\/\/schema.org","@graph":[{"@type":"WebPage","@id":"https:\/\/ccnpps-ncchpp.ca\/fr\/sante-dans-toutes-les-politiques\/global-network-for-health-in-all-policies\/","url":"https:\/\/ccnpps-ncchpp.ca\/fr\/sante-dans-toutes-les-politiques\/global-network-for-health-in-all-policies\/","name":"Global Network for Health in All Policies - Centre de collaboration nationale sur les politiques publiques et la sant\u00e9","isPartOf":{"@id":"https:\/\/ccnpps-ncchpp.ca\/fr\/#website"},"datePublished":"2022-10-17T15:21:40+00:00","dateModified":"2024-03-21T19:28:24+00:00","breadcrumb":{"@id":"https:\/\/ccnpps-ncchpp.ca\/fr\/sante-dans-toutes-les-politiques\/global-network-for-health-in-all-policies\/#breadcrumb"},"inLanguage":"fr-FR","potentialAction":[{"@type":"ReadAction","target":["https:\/\/ccnpps-ncchpp.ca\/fr\/sante-dans-toutes-les-politiques\/global-network-for-health-in-all-policies\/"]}]},{"@type":"BreadcrumbList","@id":"https:\/\/ccnpps-ncchpp.ca\/fr\/sante-dans-toutes-les-politiques\/global-network-for-health-in-all-policies\/#breadcrumb","itemListElement":[{"@type":"ListItem","position":1,"name":"Accueil","item":"https:\/\/ccnpps-ncchpp.ca\/fr\/"},{"@type":"ListItem","position":2,"name":"Sant\u00e9 dans toutes les politiques","item":"https:\/\/ccnpps-ncchpp.ca\/fr\/sante-dans-toutes-les-politiques\/"},{"@type":"ListItem","position":3,"name":"Global Network for Health in All Policies"}]},{"@type":"WebSite","@id":"https:\/\/ccnpps-ncchpp.ca\/fr\/#website","url":"https:\/\/ccnpps-ncchpp.ca\/fr\/","name":"Centre de collaboration nationale sur les politiques publiques et la sant\u00e9","description":"","publisher":{"@id":"https:\/\/ccnpps-ncchpp.ca\/fr\/#organization"},"potentialAction":[{"@type":"SearchAction","target":{"@type":"EntryPoint","urlTemplate":"https:\/\/ccnpps-ncchpp.ca\/fr\/?s={search_term_string}"},"query-input":{"@type":"PropertyValueSpecification","valueRequired":true,"valueName":"search_term_string"}}],"inLanguage":"fr-FR"},{"@type":"Organization","@id":"https:\/\/ccnpps-ncchpp.ca\/fr\/#organization","name":"National Collaborating Centre for Healthy Public Policy","alternateName":"CCNPPS","url":"https:\/\/ccnpps-ncchpp.ca\/fr\/","logo":{"@type":"ImageObject","inLanguage":"fr-FR","@id":"https:\/\/ccnpps-ncchpp.ca\/fr\/#\/schema\/logo\/image\/","url":"https:\/\/ccnpps-ncchpp.ca\/wp-content\/uploads\/2021\/05\/Logorond250px.jpg","contentUrl":"https:\/\/ccnpps-ncchpp.ca\/wp-content\/uploads\/2021\/05\/Logorond250px.jpg","width":250,"height":250,"caption":"National Collaborating Centre for Healthy Public Policy"},"image":{"@id":"https:\/\/ccnpps-ncchpp.ca\/fr\/#\/schema\/logo\/image\/"},"sameAs":["https:\/\/www.facebook.com\/CCNPPS.NCCHPP","https:\/\/x.com\/NCCHPP","https:\/\/twitter.com\/CCNPPS"]}]}},"_links":{"self":[{"href":"https:\/\/ccnpps-ncchpp.ca\/fr\/wp-json\/wp\/v2\/pages\/24450","targetHints":{"allow":["GET"]}}],"collection":[{"href":"https:\/\/ccnpps-ncchpp.ca\/fr\/wp-json\/wp\/v2\/pages"}],"about":[{"href":"https:\/\/ccnpps-ncchpp.ca\/fr\/wp-json\/wp\/v2\/types\/page"}],"author":[{"embeddable":true,"href":"https:\/\/ccnpps-ncchpp.ca\/fr\/wp-json\/wp\/v2\/users\/2"}],"replies":[{"embeddable":true,"href":"https:\/\/ccnpps-ncchpp.ca\/fr\/wp-json\/wp\/v2\/comments?post=24450"}],"version-history":[{"count":0,"href":"https:\/\/ccnpps-ncchpp.ca\/fr\/wp-json\/wp\/v2\/pages\/24450\/revisions"}],"up":[{"embeddable":true,"href":"https:\/\/ccnpps-ncchpp.ca\/fr\/wp-json\/wp\/v2\/pages\/2218"}],"wp:attachment":[{"href":"https:\/\/ccnpps-ncchpp.ca\/fr\/wp-json\/wp\/v2\/media?parent=24450"}],"curies":[{"name":"wp","href":"https:\/\/api.w.org\/{rel}","templated":true}]}}