{"id":25555,"date":"2023-06-15T17:55:42","date_gmt":"2023-06-15T17:55:42","guid":{"rendered":"https:\/\/ccnpps-ncchpp.ca\/?page_id=25555"},"modified":"2024-03-14T18:07:42","modified_gmt":"2024-03-14T18:07:42","slug":"offres-demploi-et-de-stage","status":"publish","type":"page","link":"https:\/\/ccnpps-ncchpp.ca\/fr\/offres-demploi-et-de-stage\/","title":{"rendered":"Offres d\u2019emploi et de stage"},"content":{"rendered":"<p>[et_pb_section fb_built=\u00a0\u00bb1&Prime; _builder_version=\u00a0\u00bb3.27.4&Prime;][et_pb_row _builder_version=\u00a0\u00bb3.27.4&Prime;][et_pb_column type=\u00a0\u00bb4_4&Prime; _builder_version=\u00a0\u00bb3.27.4&Prime;][et_pb_text _builder_version=\u00a0\u00bb4.9.1&Prime; hover_enabled=\u00a0\u00bb0&Prime; sticky_enabled=\u00a0\u00bb0&Prime;]<\/p>\n<h1>Offres d\u2019emploi et de stage<\/h1>\n<p>Merci de votre int\u00e9r\u00eat envers le CCNPPS.<br \/>Malheureusement, il n\u2019y a pas d\u2019offre d\u2019emploi ou de stage disponible en ce moment.<br \/>Suivez-nous sur <a href=\"https:\/\/www.linkedin.com\/company\/2994879\/admin\/feed\/posts\/\" target=\"_blank\" rel=\"noopener\"><strong>LinkedIn<\/strong><\/a> pour \u00eatre inform\u00e9 de la prochaine offre!<\/p>\n<p>&nbsp;<\/p>\n<p>[\/et_pb_text][et_pb_text _builder_version=\u00a0\u00bb4.9.1&Prime; custom_margin=\u00a0\u00bb-39px|||||\u00a0\u00bb][\/et_pb_text][\/et_pb_column][\/et_pb_row][\/et_pb_section]<\/p>\n","protected":false},"excerpt":{"rendered":"<p>Cette page pr\u00e9sente les offres d\u2019emploi et de stage pr\u00e9sentement offertes au CCNPPS.<\/p>\n","protected":false},"author":2,"featured_media":25569,"parent":0,"menu_order":0,"comment_status":"closed","ping_status":"closed","template":"","meta":{"_et_pb_use_builder":"on","_et_pb_old_content":"","_et_gb_content_width":"","footnotes":""},"class_list":["post-25555","page","type-page","status-publish","has-post-thumbnail","hentry"],"yoast_head":"<!-- This site is optimized with the Yoast SEO Premium plugin v27.1 (Yoast SEO v27.1.1) - https:\/\/yoast.com\/product\/yoast-seo-premium-wordpress\/ -->\n<title>Offres d\u2019emploi et de stage - Centre de collaboration nationale sur les politiques publiques et la sant\u00e9<\/title>\n<meta name=\"description\" content=\"Joignez-vous \u00e0 notre \u00e9quipe dynamique! D\u00e9couvrez toutes les offres d&#039;emploi et de stages disponibles au CCNPPS.\" \/>\n<meta name=\"robots\" content=\"index, follow, max-snippet:-1, max-image-preview:large, max-video-preview:-1\" \/>\n<link rel=\"canonical\" href=\"https:\/\/ccnpps-ncchpp.ca\/fr\/offres-demploi-et-de-stage\/\" \/>\n<meta property=\"og:locale\" content=\"fr_FR\" \/>\n<meta property=\"og:type\" content=\"article\" \/>\n<meta property=\"og:title\" content=\"Offres d\u2019emploi et de stage\" \/>\n<meta property=\"og:description\" content=\"Joignez-vous \u00e0 notre \u00e9quipe dynamique! D\u00e9couvrez toutes les offres d&#039;emploi et de stages disponibles au CCNPPS.\" \/>\n<meta property=\"og:url\" content=\"https:\/\/ccnpps-ncchpp.ca\/fr\/offres-demploi-et-de-stage\/\" \/>\n<meta property=\"og:site_name\" content=\"Centre de collaboration nationale sur les politiques publiques et la sant\u00e9\" \/>\n<meta property=\"article:publisher\" content=\"https:\/\/www.facebook.com\/CCNPPS.NCCHPP\" \/>\n<meta property=\"article:modified_time\" content=\"2024-03-14T18:07:42+00:00\" \/>\n<meta property=\"og:image\" content=\"https:\/\/ccnpps-ncchpp.ca\/wp-content\/uploads\/2023\/06\/JobOffer.png\" \/>\n\t<meta property=\"og:image:width\" content=\"300\" \/>\n\t<meta property=\"og:image:height\" content=\"400\" \/>\n\t<meta property=\"og:image:type\" content=\"image\/png\" \/>\n<meta name=\"twitter:card\" content=\"summary_large_image\" \/>\n<meta name=\"twitter:site\" content=\"@NCCHPP\" \/>\n<meta name=\"twitter:label1\" content=\"Dur\u00e9e de lecture estim\u00e9e\" \/>\n\t<meta name=\"twitter:data1\" content=\"1 minute\" \/>\n<script type=\"application\/ld+json\" class=\"yoast-schema-graph\">{\"@context\":\"https:\/\/schema.org\",\"@graph\":[{\"@type\":\"WebPage\",\"@id\":\"https:\/\/ccnpps-ncchpp.ca\/fr\/offres-demploi-et-de-stage\/\",\"url\":\"https:\/\/ccnpps-ncchpp.ca\/fr\/offres-demploi-et-de-stage\/\",\"name\":\"Offres d\u2019emploi et de stage - Centre de collaboration nationale sur les politiques publiques et la sant\u00e9\",\"isPartOf\":{\"@id\":\"https:\/\/ccnpps-ncchpp.ca\/fr\/#website\"},\"primaryImageOfPage\":{\"@id\":\"https:\/\/ccnpps-ncchpp.ca\/fr\/offres-demploi-et-de-stage\/#primaryimage\"},\"image\":{\"@id\":\"https:\/\/ccnpps-ncchpp.ca\/fr\/offres-demploi-et-de-stage\/#primaryimage\"},\"thumbnailUrl\":\"https:\/\/ccnpps-ncchpp.ca\/wp-content\/uploads\/2023\/06\/JobOffer.png\",\"datePublished\":\"2023-06-15T17:55:42+00:00\",\"dateModified\":\"2024-03-14T18:07:42+00:00\",\"description\":\"Joignez-vous \u00e0 notre \u00e9quipe dynamique! D\u00e9couvrez toutes les offres d'emploi et de stages disponibles au CCNPPS.\",\"breadcrumb\":{\"@id\":\"https:\/\/ccnpps-ncchpp.ca\/fr\/offres-demploi-et-de-stage\/#breadcrumb\"},\"inLanguage\":\"fr-FR\",\"potentialAction\":[{\"@type\":\"ReadAction\",\"target\":[\"https:\/\/ccnpps-ncchpp.ca\/fr\/offres-demploi-et-de-stage\/\"]}]},{\"@type\":\"ImageObject\",\"inLanguage\":\"fr-FR\",\"@id\":\"https:\/\/ccnpps-ncchpp.ca\/fr\/offres-demploi-et-de-stage\/#primaryimage\",\"url\":\"https:\/\/ccnpps-ncchpp.ca\/wp-content\/uploads\/2023\/06\/JobOffer.png\",\"contentUrl\":\"https:\/\/ccnpps-ncchpp.ca\/wp-content\/uploads\/2023\/06\/JobOffer.png\",\"width\":300,\"height\":400},{\"@type\":\"BreadcrumbList\",\"@id\":\"https:\/\/ccnpps-ncchpp.ca\/fr\/offres-demploi-et-de-stage\/#breadcrumb\",\"itemListElement\":[{\"@type\":\"ListItem\",\"position\":1,\"name\":\"Accueil\",\"item\":\"https:\/\/ccnpps-ncchpp.ca\/fr\/\"},{\"@type\":\"ListItem\",\"position\":2,\"name\":\"Offres d\u2019emploi et de stage\"}]},{\"@type\":\"WebSite\",\"@id\":\"https:\/\/ccnpps-ncchpp.ca\/fr\/#website\",\"url\":\"https:\/\/ccnpps-ncchpp.ca\/fr\/\",\"name\":\"Centre de collaboration nationale sur les politiques publiques et la sant\u00e9\",\"description\":\"\",\"publisher\":{\"@id\":\"https:\/\/ccnpps-ncchpp.ca\/fr\/#organization\"},\"potentialAction\":[{\"@type\":\"SearchAction\",\"target\":{\"@type\":\"EntryPoint\",\"urlTemplate\":\"https:\/\/ccnpps-ncchpp.ca\/fr\/?s={search_term_string}\"},\"query-input\":{\"@type\":\"PropertyValueSpecification\",\"valueRequired\":true,\"valueName\":\"search_term_string\"}}],\"inLanguage\":\"fr-FR\"},{\"@type\":\"Organization\",\"@id\":\"https:\/\/ccnpps-ncchpp.ca\/fr\/#organization\",\"name\":\"National Collaborating Centre for Healthy Public Policy\",\"alternateName\":\"CCNPPS\",\"url\":\"https:\/\/ccnpps-ncchpp.ca\/fr\/\",\"logo\":{\"@type\":\"ImageObject\",\"inLanguage\":\"fr-FR\",\"@id\":\"https:\/\/ccnpps-ncchpp.ca\/fr\/#\/schema\/logo\/image\/\",\"url\":\"https:\/\/ccnpps-ncchpp.ca\/wp-content\/uploads\/2021\/05\/Logorond250px.jpg\",\"contentUrl\":\"https:\/\/ccnpps-ncchpp.ca\/wp-content\/uploads\/2021\/05\/Logorond250px.jpg\",\"width\":250,\"height\":250,\"caption\":\"National Collaborating Centre for Healthy Public Policy\"},\"image\":{\"@id\":\"https:\/\/ccnpps-ncchpp.ca\/fr\/#\/schema\/logo\/image\/\"},\"sameAs\":[\"https:\/\/www.facebook.com\/CCNPPS.NCCHPP\",\"https:\/\/x.com\/NCCHPP\",\"https:\/\/twitter.com\/CCNPPS\"]}]}<\/script>\n<!-- \/ Yoast SEO Premium plugin. -->","yoast_head_json":{"title":"Offres d\u2019emploi et de stage - Centre de collaboration nationale sur les politiques publiques et la sant\u00e9","description":"Joignez-vous \u00e0 notre \u00e9quipe dynamique! D\u00e9couvrez toutes les offres d'emploi et de stages disponibles au CCNPPS.","robots":{"index":"index","follow":"follow","max-snippet":"max-snippet:-1","max-image-preview":"max-image-preview:large","max-video-preview":"max-video-preview:-1"},"canonical":"https:\/\/ccnpps-ncchpp.ca\/fr\/offres-demploi-et-de-stage\/","og_locale":"fr_FR","og_type":"article","og_title":"Offres d\u2019emploi et de stage","og_description":"Joignez-vous \u00e0 notre \u00e9quipe dynamique! D\u00e9couvrez toutes les offres d'emploi et de stages disponibles au CCNPPS.","og_url":"https:\/\/ccnpps-ncchpp.ca\/fr\/offres-demploi-et-de-stage\/","og_site_name":"Centre de collaboration nationale sur les politiques publiques et la sant\u00e9","article_publisher":"https:\/\/www.facebook.com\/CCNPPS.NCCHPP","article_modified_time":"2024-03-14T18:07:42+00:00","og_image":[{"width":300,"height":400,"url":"https:\/\/ccnpps-ncchpp.ca\/wp-content\/uploads\/2023\/06\/JobOffer.png","type":"image\/png"}],"twitter_card":"summary_large_image","twitter_site":"@NCCHPP","twitter_misc":{"Dur\u00e9e de lecture estim\u00e9e":"1 minute"},"schema":{"@context":"https:\/\/schema.org","@graph":[{"@type":"WebPage","@id":"https:\/\/ccnpps-ncchpp.ca\/fr\/offres-demploi-et-de-stage\/","url":"https:\/\/ccnpps-ncchpp.ca\/fr\/offres-demploi-et-de-stage\/","name":"Offres d\u2019emploi et de stage - Centre de collaboration nationale sur les politiques publiques et la sant\u00e9","isPartOf":{"@id":"https:\/\/ccnpps-ncchpp.ca\/fr\/#website"},"primaryImageOfPage":{"@id":"https:\/\/ccnpps-ncchpp.ca\/fr\/offres-demploi-et-de-stage\/#primaryimage"},"image":{"@id":"https:\/\/ccnpps-ncchpp.ca\/fr\/offres-demploi-et-de-stage\/#primaryimage"},"thumbnailUrl":"https:\/\/ccnpps-ncchpp.ca\/wp-content\/uploads\/2023\/06\/JobOffer.png","datePublished":"2023-06-15T17:55:42+00:00","dateModified":"2024-03-14T18:07:42+00:00","description":"Joignez-vous \u00e0 notre \u00e9quipe dynamique! D\u00e9couvrez toutes les offres d'emploi et de stages disponibles au CCNPPS.","breadcrumb":{"@id":"https:\/\/ccnpps-ncchpp.ca\/fr\/offres-demploi-et-de-stage\/#breadcrumb"},"inLanguage":"fr-FR","potentialAction":[{"@type":"ReadAction","target":["https:\/\/ccnpps-ncchpp.ca\/fr\/offres-demploi-et-de-stage\/"]}]},{"@type":"ImageObject","inLanguage":"fr-FR","@id":"https:\/\/ccnpps-ncchpp.ca\/fr\/offres-demploi-et-de-stage\/#primaryimage","url":"https:\/\/ccnpps-ncchpp.ca\/wp-content\/uploads\/2023\/06\/JobOffer.png","contentUrl":"https:\/\/ccnpps-ncchpp.ca\/wp-content\/uploads\/2023\/06\/JobOffer.png","width":300,"height":400},{"@type":"BreadcrumbList","@id":"https:\/\/ccnpps-ncchpp.ca\/fr\/offres-demploi-et-de-stage\/#breadcrumb","itemListElement":[{"@type":"ListItem","position":1,"name":"Accueil","item":"https:\/\/ccnpps-ncchpp.ca\/fr\/"},{"@type":"ListItem","position":2,"name":"Offres d\u2019emploi et de stage"}]},{"@type":"WebSite","@id":"https:\/\/ccnpps-ncchpp.ca\/fr\/#website","url":"https:\/\/ccnpps-ncchpp.ca\/fr\/","name":"Centre de collaboration nationale sur les politiques publiques et la sant\u00e9","description":"","publisher":{"@id":"https:\/\/ccnpps-ncchpp.ca\/fr\/#organization"},"potentialAction":[{"@type":"SearchAction","target":{"@type":"EntryPoint","urlTemplate":"https:\/\/ccnpps-ncchpp.ca\/fr\/?s={search_term_string}"},"query-input":{"@type":"PropertyValueSpecification","valueRequired":true,"valueName":"search_term_string"}}],"inLanguage":"fr-FR"},{"@type":"Organization","@id":"https:\/\/ccnpps-ncchpp.ca\/fr\/#organization","name":"National Collaborating Centre for Healthy Public Policy","alternateName":"CCNPPS","url":"https:\/\/ccnpps-ncchpp.ca\/fr\/","logo":{"@type":"ImageObject","inLanguage":"fr-FR","@id":"https:\/\/ccnpps-ncchpp.ca\/fr\/#\/schema\/logo\/image\/","url":"https:\/\/ccnpps-ncchpp.ca\/wp-content\/uploads\/2021\/05\/Logorond250px.jpg","contentUrl":"https:\/\/ccnpps-ncchpp.ca\/wp-content\/uploads\/2021\/05\/Logorond250px.jpg","width":250,"height":250,"caption":"National Collaborating Centre for Healthy Public Policy"},"image":{"@id":"https:\/\/ccnpps-ncchpp.ca\/fr\/#\/schema\/logo\/image\/"},"sameAs":["https:\/\/www.facebook.com\/CCNPPS.NCCHPP","https:\/\/x.com\/NCCHPP","https:\/\/twitter.com\/CCNPPS"]}]}},"_links":{"self":[{"href":"https:\/\/ccnpps-ncchpp.ca\/fr\/wp-json\/wp\/v2\/pages\/25555","targetHints":{"allow":["GET"]}}],"collection":[{"href":"https:\/\/ccnpps-ncchpp.ca\/fr\/wp-json\/wp\/v2\/pages"}],"about":[{"href":"https:\/\/ccnpps-ncchpp.ca\/fr\/wp-json\/wp\/v2\/types\/page"}],"author":[{"embeddable":true,"href":"https:\/\/ccnpps-ncchpp.ca\/fr\/wp-json\/wp\/v2\/users\/2"}],"replies":[{"embeddable":true,"href":"https:\/\/ccnpps-ncchpp.ca\/fr\/wp-json\/wp\/v2\/comments?post=25555"}],"version-history":[{"count":0,"href":"https:\/\/ccnpps-ncchpp.ca\/fr\/wp-json\/wp\/v2\/pages\/25555\/revisions"}],"wp:featuredmedia":[{"embeddable":true,"href":"https:\/\/ccnpps-ncchpp.ca\/fr\/wp-json\/wp\/v2\/media\/25569"}],"wp:attachment":[{"href":"https:\/\/ccnpps-ncchpp.ca\/fr\/wp-json\/wp\/v2\/media?parent=25555"}],"curies":[{"name":"wp","href":"https:\/\/api.w.org\/{rel}","templated":true}]}}