{"id":26446,"date":"2024-01-22T14:54:08","date_gmt":"2024-01-22T14:54:08","guid":{"rendered":"https:\/\/ccnpps-ncchpp.ca\/test-2-title\/"},"modified":"2026-01-09T15:55:22","modified_gmt":"2026-01-09T15:55:22","slug":"reseau-canadien-sur-la-sante-dans-toutes-les-politiques-rcsdtp","status":"publish","type":"page","link":"https:\/\/ccnpps-ncchpp.ca\/fr\/reseau-canadien-sur-la-sante-dans-toutes-les-politiques-rcsdtp\/","title":{"rendered":"R\u00e9seau canadien sur la Sant\u00e9 dans toutes les politiques (RCSdTP)"},"content":{"rendered":"<p>[et_pb_section fb_built=\u00a0\u00bb1&Prime; _builder_version=\u00a0\u00bb3.27.4&Prime;][et_pb_row column_structure=\u00a0\u00bb3_5,2_5&Prime; _builder_version=\u00a0\u00bb4.9.1&Prime; _module_preset=\u00a0\u00bbdefault\u00a0\u00bb][et_pb_column type=\u00a0\u00bb3_5&Prime; _builder_version=\u00a0\u00bb4.9.1&Prime; _module_preset=\u00a0\u00bbdefault\u00a0\u00bb][et_pb_text _builder_version=\u00a0\u00bb4.9.1&Prime; _module_preset=\u00a0\u00bbdefault\u00a0\u00bb]<\/p>\n<h1>Le R\u00e9seau canadien sur la Sant\u00e9 dans toutes les politiques<\/h1>\n<p>[\/et_pb_text][\/et_pb_column][et_pb_column type=\u00a0\u00bb2_5&Prime; _builder_version=\u00a0\u00bb4.9.1&Prime; _module_preset=\u00a0\u00bbdefault\u00a0\u00bb][et_pb_image src=\u00a0\u00bbhttps:\/\/ccnpps-ncchpp.ca\/wp-content\/uploads\/2024\/07\/Logo-RCSdTP.svg\u00a0\u00bb title_text=\u00a0\u00bbLogo-RCSdTP\u00a0\u00bb _builder_version=\u00a0\u00bb4.9.1&Prime; _module_preset=\u00a0\u00bbdefault\u00a0\u00bb][\/et_pb_image][\/et_pb_column][\/et_pb_row][et_pb_row _builder_version=\u00a0\u00bb4.9.1&Prime; _module_preset=\u00a0\u00bbdefault\u00a0\u00bb][et_pb_column type=\u00a0\u00bb4_4&Prime; _builder_version=\u00a0\u00bb4.9.1&Prime; _module_preset=\u00a0\u00bbdefault\u00a0\u00bb][et_pb_text _builder_version=\u00a0\u00bb4.9.1&Prime; _module_preset=\u00a0\u00bbdefault\u00a0\u00bb hover_enabled=\u00a0\u00bb0&Prime; sticky_enabled=\u00a0\u00bb0&Prime;]<\/p>\n<p>Cr\u00e9\u00e9 en 2022, le R\u00e9seau canadien sur la Sant\u00e9 dans toutes les politiques (RCSdTP) est un r\u00e9seau bilingue qui vise \u00e0 faciliter l\u2019adoption et l\u2019implantation des approches de Sant\u00e9 dans toutes les politiques (SdTP) au Canada par la mobilisation des connaissances.<\/p>\n<p>Il rassemble des acteurs de la sant\u00e9 publique issus de partout au Canada qui s\u2019int\u00e9ressent \u00e0 la SdTP ou ont adopt\u00e9 des approches en la mati\u00e8re\u202f: gouvernements f\u00e9d\u00e9ral, provinciaux, territoriaux, r\u00e9gionaux et locaux; gouvernements et organisations des PNIM; universit\u00e9s; et organismes sans but lucratif. Gr\u00e2ce \u00e0 ses activit\u00e9s et aux ressources qu\u2019il met \u00e0 la disposition de ses membres et de l\u2019ensemble du secteur de la sant\u00e9 publique, le RCSdTP promeut des approches de la SdTP qui refl\u00e8tent la diversit\u00e9 des contextes, des syst\u00e8mes de gouvernance et des modes de connaissance canadiens, contribuant ainsi \u00e0 normaliser les politiques publiques favorables \u00e0 la sant\u00e9 dans l\u2019ensemble du pays. Ce projet a \u00e9t\u00e9 rendu possible gr\u00e2ce au soutien de l&rsquo;Agence de la sant\u00e9 publique du Canada.<\/p>\n<p>[\/et_pb_text][\/et_pb_column][\/et_pb_row][et_pb_row _builder_version=\u00a0\u00bb4.9.1&Prime; _module_preset=\u00a0\u00bbdefault\u00a0\u00bb][et_pb_column type=\u00a0\u00bb4_4&Prime; _builder_version=\u00a0\u00bb4.9.1&Prime; _module_preset=\u00a0\u00bbdefault\u00a0\u00bb][et_pb_text _builder_version=\u00a0\u00bb4.9.1&Prime; _module_preset=\u00a0\u00bbdefault\u00a0\u00bb custom_margin=\u00a0\u00bb||45px|||\u00a0\u00bb custom_padding=\u00a0\u00bb15px|||||\u00a0\u00bb hover_enabled=\u00a0\u00bb0&Prime; sticky_enabled=\u00a0\u00bb0&Prime;]<\/p>\n<h2>L&rsquo;approche de la Sant\u00e9 dans toutes les politiques<\/h2>\n<p>En tant qu\u2019approche intersectorielle visant \u00e0 agir sur les d\u00e9terminants sociaux de la sant\u00e9 et \u00e0 am\u00e9liorer l\u2019\u00e9quit\u00e9 en sant\u00e9, la SdTP et les approches qui s\u2019en inspirent pourraient se r\u00e9v\u00e9ler utiles pour orienter le renouvellement de la sant\u00e9 publique au Canada en renfor\u00e7ant les capacit\u00e9s en mati\u00e8re de promotion et de d\u00e9veloppement de politiques publiques favorables \u00e0 la sant\u00e9.<\/p>\n<p>Pour en savoir plus sur la mani\u00e8re dont le R\u00e9seau con\u00e7oit l\u2019approche, consultez la page <a href=\"https:\/\/ccnpps-ncchpp.ca\/fr\/a-propos-de-la-sdtp\/\"><strong>\u00c0 propos de la SdTP<\/strong><\/a>.<\/p>\n<h2>Auditoire<\/h2>\n<p>Le public cible principal du RCSdTP est, bien entendu, constitu\u00e9 de ses membres. Les membres sont des acteurs de la sant\u00e9 publique qui travaillent ou s&rsquo;int\u00e9ressent \u00e0 l\u2019approche de la SdTP ou \u00e0 des approches inspir\u00e9es de la SdTP. Ces acteurs peuvent provenir de gouvernements (f\u00e9d\u00e9ral, provinciaux, territoriaux, locaux et r\u00e9gionaux), de gouvernements et d&rsquo;organisations des Premi\u00e8res nations, des Inuits et des M\u00e9tis, d&rsquo;universit\u00e9s et d&rsquo;organisations non gouvernementales \u00e0 travers le Canada.<\/p>\n<p>Les ressources d\u00e9velopp\u00e9es et certaines activit\u00e9s du R\u00e9seau seront accessibles \u00e0 toute personne int\u00e9ress\u00e9e par la SdTP et les approches intersectorielles en faveur de la sant\u00e9, qu\u2019elle travaille en sant\u00e9 publique ou dans tout autre domaine.<\/p>\n<h2>Objectifs<\/h2>\n<p>Les objectifs du r\u00e9seau sont les suivants :<\/p>\n<p>1. \u00c9largir les connaissances concernant l\u2019implantation de la SdTP au Canada;<\/p>\n<p>2. Faciliter les partenariats entre les acteurs de la sant\u00e9 publique qui travaillent dans le domaine de la SdTP ou qui s\u2019y int\u00e9ressent;<\/p>\n<p>3. Soutenir le renforcement des capacit\u00e9s en mati\u00e8re de SdTP chez les acteurs de la sant\u00e9 publique au Canada;<\/p>\n<p>4. Travailler avec les partenaires des Premi\u00e8res Nations, des Inuits et des M\u00e9tis en vue d\u2019\u00e9laborer des approches de SdTP qui reconnaissent et int\u00e8grent leurs modes de connaissances et de gouvernance.<\/p>\n<p>Cette initiative s\u2019inscrit dans la foul\u00e9e des recommandations et des int\u00e9r\u00eats exprim\u00e9s dans le cadre d\u2019une <strong><a href=\"https:\/\/ccnpps-ncchpp.ca\/fr\/rencontre-pancanadienne-sur-la-sante-dans-toutes-les-politiques-sdtp\/\">rencontre pancanadienne sur la SdTP tenue en 2019<\/a><\/strong>, des r\u00e9sultats tir\u00e9s d\u2019une <a href=\"https:\/\/ccnpps-ncchpp.ca\/fr\/mise-sur-pied-dun-reseau-canadien-de-sante-dans-toutes-les-politiques-consultation-aupres-de-divers-acteurs-au-canada-et-a-letranger\/\"><strong>consultation men\u00e9e aupr\u00e8s de parties prenantes du Canada et de l\u2019\u00e9tranger<\/strong><\/a> et sur les orientations d\u2019un comit\u00e9 consultatif mis sur pied pour d\u00e9finir le mandat et la port\u00e9e des travaux du RCSdTP.<\/p>\n<p>[\/et_pb_text][\/et_pb_column][\/et_pb_row][\/et_pb_section]<\/p>\n","protected":false},"excerpt":{"rendered":"<p>D\u00e9couvrez le R\u00e9seau canadien sur la sant\u00e9 dans toutes les politiques (RCSdTP), ce r\u00e9seau vise \u00e0 promouvoir les approches de SdTP au Canada.<\/p>\n","protected":false},"author":2,"featured_media":26279,"parent":0,"menu_order":0,"comment_status":"closed","ping_status":"closed","template":"","meta":{"_et_pb_use_builder":"on","_et_pb_old_content":"","_et_gb_content_width":"","footnotes":""},"class_list":["post-26446","page","type-page","status-publish","has-post-thumbnail","hentry"],"yoast_head":"<!-- This site is optimized with the Yoast SEO Premium plugin v27.1 (Yoast SEO v27.1.1) - https:\/\/yoast.com\/product\/yoast-seo-premium-wordpress\/ -->\n<title>R\u00e9seau canadien sur la Sant\u00e9 dans toutes les politiques (RCSdTP) - Centre de collaboration nationale sur les politiques publiques et la sant\u00e9<\/title>\n<meta name=\"description\" content=\"D\u00e9couvrez le R\u00e9seau canadien sur la sant\u00e9 dans toutes les politiques (RCSdTP), ce r\u00e9seau vise \u00e0 promouvoir les approches de SdTP au Canada.\" \/>\n<meta name=\"robots\" content=\"index, follow, max-snippet:-1, max-image-preview:large, max-video-preview:-1\" \/>\n<link rel=\"canonical\" href=\"https:\/\/ccnpps-ncchpp.ca\/fr\/reseau-canadien-sur-la-sante-dans-toutes-les-politiques-rcsdtp\/\" \/>\n<meta property=\"og:locale\" content=\"fr_FR\" \/>\n<meta property=\"og:type\" content=\"article\" \/>\n<meta property=\"og:title\" content=\"R\u00e9seau canadien sur la Sant\u00e9 dans toutes les politiques (RCSdTP)\" \/>\n<meta property=\"og:description\" content=\"D\u00e9couvrez le R\u00e9seau canadien sur la sant\u00e9 dans toutes les politiques (RCSdTP), ce r\u00e9seau vise \u00e0 promouvoir les approches de SdTP au Canada.\" \/>\n<meta property=\"og:url\" content=\"https:\/\/ccnpps-ncchpp.ca\/fr\/reseau-canadien-sur-la-sante-dans-toutes-les-politiques-rcsdtp\/\" \/>\n<meta property=\"og:site_name\" content=\"Centre de collaboration nationale sur les politiques publiques et la sant\u00e9\" \/>\n<meta property=\"article:publisher\" content=\"https:\/\/www.facebook.com\/CCNPPS.NCCHPP\" \/>\n<meta property=\"article:modified_time\" content=\"2026-01-09T15:55:22+00:00\" \/>\n<meta property=\"og:image\" content=\"https:\/\/ccnpps-ncchpp.ca\/wp-content\/uploads\/2024\/01\/CNHIAP-300x400-1.png\" \/>\n\t<meta property=\"og:image:width\" content=\"300\" \/>\n\t<meta property=\"og:image:height\" content=\"400\" \/>\n\t<meta property=\"og:image:type\" content=\"image\/png\" \/>\n<meta name=\"twitter:card\" content=\"summary_large_image\" \/>\n<meta name=\"twitter:site\" content=\"@NCCHPP\" \/>\n<meta name=\"twitter:label1\" content=\"Dur\u00e9e de lecture estim\u00e9e\" \/>\n\t<meta name=\"twitter:data1\" content=\"3 minutes\" \/>\n<script type=\"application\/ld+json\" class=\"yoast-schema-graph\">{\"@context\":\"https:\/\/schema.org\",\"@graph\":[{\"@type\":\"WebPage\",\"@id\":\"https:\/\/ccnpps-ncchpp.ca\/fr\/reseau-canadien-sur-la-sante-dans-toutes-les-politiques-rcsdtp\/\",\"url\":\"https:\/\/ccnpps-ncchpp.ca\/fr\/reseau-canadien-sur-la-sante-dans-toutes-les-politiques-rcsdtp\/\",\"name\":\"R\u00e9seau canadien sur la Sant\u00e9 dans toutes les politiques (RCSdTP) - Centre de collaboration nationale sur les politiques publiques et la sant\u00e9\",\"isPartOf\":{\"@id\":\"https:\/\/ccnpps-ncchpp.ca\/fr\/#website\"},\"primaryImageOfPage\":{\"@id\":\"https:\/\/ccnpps-ncchpp.ca\/fr\/reseau-canadien-sur-la-sante-dans-toutes-les-politiques-rcsdtp\/#primaryimage\"},\"image\":{\"@id\":\"https:\/\/ccnpps-ncchpp.ca\/fr\/reseau-canadien-sur-la-sante-dans-toutes-les-politiques-rcsdtp\/#primaryimage\"},\"thumbnailUrl\":\"https:\/\/ccnpps-ncchpp.ca\/wp-content\/uploads\/2024\/01\/CNHIAP-300x400-1.png\",\"datePublished\":\"2024-01-22T14:54:08+00:00\",\"dateModified\":\"2026-01-09T15:55:22+00:00\",\"description\":\"D\u00e9couvrez le R\u00e9seau canadien sur la sant\u00e9 dans toutes les politiques (RCSdTP), ce r\u00e9seau vise \u00e0 promouvoir les approches de SdTP au Canada.\",\"breadcrumb\":{\"@id\":\"https:\/\/ccnpps-ncchpp.ca\/fr\/reseau-canadien-sur-la-sante-dans-toutes-les-politiques-rcsdtp\/#breadcrumb\"},\"inLanguage\":\"fr-FR\",\"potentialAction\":[{\"@type\":\"ReadAction\",\"target\":[\"https:\/\/ccnpps-ncchpp.ca\/fr\/reseau-canadien-sur-la-sante-dans-toutes-les-politiques-rcsdtp\/\"]}]},{\"@type\":\"ImageObject\",\"inLanguage\":\"fr-FR\",\"@id\":\"https:\/\/ccnpps-ncchpp.ca\/fr\/reseau-canadien-sur-la-sante-dans-toutes-les-politiques-rcsdtp\/#primaryimage\",\"url\":\"https:\/\/ccnpps-ncchpp.ca\/wp-content\/uploads\/2024\/01\/CNHIAP-300x400-1.png\",\"contentUrl\":\"https:\/\/ccnpps-ncchpp.ca\/wp-content\/uploads\/2024\/01\/CNHIAP-300x400-1.png\",\"width\":300,\"height\":400},{\"@type\":\"BreadcrumbList\",\"@id\":\"https:\/\/ccnpps-ncchpp.ca\/fr\/reseau-canadien-sur-la-sante-dans-toutes-les-politiques-rcsdtp\/#breadcrumb\",\"itemListElement\":[{\"@type\":\"ListItem\",\"position\":1,\"name\":\"Accueil\",\"item\":\"https:\/\/ccnpps-ncchpp.ca\/fr\/\"},{\"@type\":\"ListItem\",\"position\":2,\"name\":\"R\u00e9seau canadien sur la Sant\u00e9 dans toutes les politiques (RCSdTP)\"}]},{\"@type\":\"WebSite\",\"@id\":\"https:\/\/ccnpps-ncchpp.ca\/fr\/#website\",\"url\":\"https:\/\/ccnpps-ncchpp.ca\/fr\/\",\"name\":\"Centre de collaboration nationale sur les politiques publiques et la sant\u00e9\",\"description\":\"\",\"publisher\":{\"@id\":\"https:\/\/ccnpps-ncchpp.ca\/fr\/#organization\"},\"potentialAction\":[{\"@type\":\"SearchAction\",\"target\":{\"@type\":\"EntryPoint\",\"urlTemplate\":\"https:\/\/ccnpps-ncchpp.ca\/fr\/?s={search_term_string}\"},\"query-input\":{\"@type\":\"PropertyValueSpecification\",\"valueRequired\":true,\"valueName\":\"search_term_string\"}}],\"inLanguage\":\"fr-FR\"},{\"@type\":\"Organization\",\"@id\":\"https:\/\/ccnpps-ncchpp.ca\/fr\/#organization\",\"name\":\"National Collaborating Centre for Healthy Public Policy\",\"alternateName\":\"CCNPPS\",\"url\":\"https:\/\/ccnpps-ncchpp.ca\/fr\/\",\"logo\":{\"@type\":\"ImageObject\",\"inLanguage\":\"fr-FR\",\"@id\":\"https:\/\/ccnpps-ncchpp.ca\/fr\/#\/schema\/logo\/image\/\",\"url\":\"https:\/\/ccnpps-ncchpp.ca\/wp-content\/uploads\/2021\/05\/Logorond250px.jpg\",\"contentUrl\":\"https:\/\/ccnpps-ncchpp.ca\/wp-content\/uploads\/2021\/05\/Logorond250px.jpg\",\"width\":250,\"height\":250,\"caption\":\"National Collaborating Centre for Healthy Public Policy\"},\"image\":{\"@id\":\"https:\/\/ccnpps-ncchpp.ca\/fr\/#\/schema\/logo\/image\/\"},\"sameAs\":[\"https:\/\/www.facebook.com\/CCNPPS.NCCHPP\",\"https:\/\/x.com\/NCCHPP\",\"https:\/\/twitter.com\/CCNPPS\"]}]}<\/script>\n<!-- \/ Yoast SEO Premium plugin. -->","yoast_head_json":{"title":"R\u00e9seau canadien sur la Sant\u00e9 dans toutes les politiques (RCSdTP) - Centre de collaboration nationale sur les politiques publiques et la sant\u00e9","description":"D\u00e9couvrez le R\u00e9seau canadien sur la sant\u00e9 dans toutes les politiques (RCSdTP), ce r\u00e9seau vise \u00e0 promouvoir les approches de SdTP au Canada.","robots":{"index":"index","follow":"follow","max-snippet":"max-snippet:-1","max-image-preview":"max-image-preview:large","max-video-preview":"max-video-preview:-1"},"canonical":"https:\/\/ccnpps-ncchpp.ca\/fr\/reseau-canadien-sur-la-sante-dans-toutes-les-politiques-rcsdtp\/","og_locale":"fr_FR","og_type":"article","og_title":"R\u00e9seau canadien sur la Sant\u00e9 dans toutes les politiques (RCSdTP)","og_description":"D\u00e9couvrez le R\u00e9seau canadien sur la sant\u00e9 dans toutes les politiques (RCSdTP), ce r\u00e9seau vise \u00e0 promouvoir les approches de SdTP au Canada.","og_url":"https:\/\/ccnpps-ncchpp.ca\/fr\/reseau-canadien-sur-la-sante-dans-toutes-les-politiques-rcsdtp\/","og_site_name":"Centre de collaboration nationale sur les politiques publiques et la sant\u00e9","article_publisher":"https:\/\/www.facebook.com\/CCNPPS.NCCHPP","article_modified_time":"2026-01-09T15:55:22+00:00","og_image":[{"width":300,"height":400,"url":"https:\/\/ccnpps-ncchpp.ca\/wp-content\/uploads\/2024\/01\/CNHIAP-300x400-1.png","type":"image\/png"}],"twitter_card":"summary_large_image","twitter_site":"@NCCHPP","twitter_misc":{"Dur\u00e9e de lecture estim\u00e9e":"3 minutes"},"schema":{"@context":"https:\/\/schema.org","@graph":[{"@type":"WebPage","@id":"https:\/\/ccnpps-ncchpp.ca\/fr\/reseau-canadien-sur-la-sante-dans-toutes-les-politiques-rcsdtp\/","url":"https:\/\/ccnpps-ncchpp.ca\/fr\/reseau-canadien-sur-la-sante-dans-toutes-les-politiques-rcsdtp\/","name":"R\u00e9seau canadien sur la Sant\u00e9 dans toutes les politiques (RCSdTP) - Centre de collaboration nationale sur les politiques publiques et la sant\u00e9","isPartOf":{"@id":"https:\/\/ccnpps-ncchpp.ca\/fr\/#website"},"primaryImageOfPage":{"@id":"https:\/\/ccnpps-ncchpp.ca\/fr\/reseau-canadien-sur-la-sante-dans-toutes-les-politiques-rcsdtp\/#primaryimage"},"image":{"@id":"https:\/\/ccnpps-ncchpp.ca\/fr\/reseau-canadien-sur-la-sante-dans-toutes-les-politiques-rcsdtp\/#primaryimage"},"thumbnailUrl":"https:\/\/ccnpps-ncchpp.ca\/wp-content\/uploads\/2024\/01\/CNHIAP-300x400-1.png","datePublished":"2024-01-22T14:54:08+00:00","dateModified":"2026-01-09T15:55:22+00:00","description":"D\u00e9couvrez le R\u00e9seau canadien sur la sant\u00e9 dans toutes les politiques (RCSdTP), ce r\u00e9seau vise \u00e0 promouvoir les approches de SdTP au Canada.","breadcrumb":{"@id":"https:\/\/ccnpps-ncchpp.ca\/fr\/reseau-canadien-sur-la-sante-dans-toutes-les-politiques-rcsdtp\/#breadcrumb"},"inLanguage":"fr-FR","potentialAction":[{"@type":"ReadAction","target":["https:\/\/ccnpps-ncchpp.ca\/fr\/reseau-canadien-sur-la-sante-dans-toutes-les-politiques-rcsdtp\/"]}]},{"@type":"ImageObject","inLanguage":"fr-FR","@id":"https:\/\/ccnpps-ncchpp.ca\/fr\/reseau-canadien-sur-la-sante-dans-toutes-les-politiques-rcsdtp\/#primaryimage","url":"https:\/\/ccnpps-ncchpp.ca\/wp-content\/uploads\/2024\/01\/CNHIAP-300x400-1.png","contentUrl":"https:\/\/ccnpps-ncchpp.ca\/wp-content\/uploads\/2024\/01\/CNHIAP-300x400-1.png","width":300,"height":400},{"@type":"BreadcrumbList","@id":"https:\/\/ccnpps-ncchpp.ca\/fr\/reseau-canadien-sur-la-sante-dans-toutes-les-politiques-rcsdtp\/#breadcrumb","itemListElement":[{"@type":"ListItem","position":1,"name":"Accueil","item":"https:\/\/ccnpps-ncchpp.ca\/fr\/"},{"@type":"ListItem","position":2,"name":"R\u00e9seau canadien sur la Sant\u00e9 dans toutes les politiques (RCSdTP)"}]},{"@type":"WebSite","@id":"https:\/\/ccnpps-ncchpp.ca\/fr\/#website","url":"https:\/\/ccnpps-ncchpp.ca\/fr\/","name":"Centre de collaboration nationale sur les politiques publiques et la sant\u00e9","description":"","publisher":{"@id":"https:\/\/ccnpps-ncchpp.ca\/fr\/#organization"},"potentialAction":[{"@type":"SearchAction","target":{"@type":"EntryPoint","urlTemplate":"https:\/\/ccnpps-ncchpp.ca\/fr\/?s={search_term_string}"},"query-input":{"@type":"PropertyValueSpecification","valueRequired":true,"valueName":"search_term_string"}}],"inLanguage":"fr-FR"},{"@type":"Organization","@id":"https:\/\/ccnpps-ncchpp.ca\/fr\/#organization","name":"National Collaborating Centre for Healthy Public Policy","alternateName":"CCNPPS","url":"https:\/\/ccnpps-ncchpp.ca\/fr\/","logo":{"@type":"ImageObject","inLanguage":"fr-FR","@id":"https:\/\/ccnpps-ncchpp.ca\/fr\/#\/schema\/logo\/image\/","url":"https:\/\/ccnpps-ncchpp.ca\/wp-content\/uploads\/2021\/05\/Logorond250px.jpg","contentUrl":"https:\/\/ccnpps-ncchpp.ca\/wp-content\/uploads\/2021\/05\/Logorond250px.jpg","width":250,"height":250,"caption":"National Collaborating Centre for Healthy Public Policy"},"image":{"@id":"https:\/\/ccnpps-ncchpp.ca\/fr\/#\/schema\/logo\/image\/"},"sameAs":["https:\/\/www.facebook.com\/CCNPPS.NCCHPP","https:\/\/x.com\/NCCHPP","https:\/\/twitter.com\/CCNPPS"]}]}},"_links":{"self":[{"href":"https:\/\/ccnpps-ncchpp.ca\/fr\/wp-json\/wp\/v2\/pages\/26446","targetHints":{"allow":["GET"]}}],"collection":[{"href":"https:\/\/ccnpps-ncchpp.ca\/fr\/wp-json\/wp\/v2\/pages"}],"about":[{"href":"https:\/\/ccnpps-ncchpp.ca\/fr\/wp-json\/wp\/v2\/types\/page"}],"author":[{"embeddable":true,"href":"https:\/\/ccnpps-ncchpp.ca\/fr\/wp-json\/wp\/v2\/users\/2"}],"replies":[{"embeddable":true,"href":"https:\/\/ccnpps-ncchpp.ca\/fr\/wp-json\/wp\/v2\/comments?post=26446"}],"version-history":[{"count":0,"href":"https:\/\/ccnpps-ncchpp.ca\/fr\/wp-json\/wp\/v2\/pages\/26446\/revisions"}],"wp:featuredmedia":[{"embeddable":true,"href":"https:\/\/ccnpps-ncchpp.ca\/fr\/wp-json\/wp\/v2\/media\/26279"}],"wp:attachment":[{"href":"https:\/\/ccnpps-ncchpp.ca\/fr\/wp-json\/wp\/v2\/media?parent=26446"}],"curies":[{"name":"wp","href":"https:\/\/api.w.org\/{rel}","templated":true}]}}