{"id":874,"date":"2019-09-19T10:29:28","date_gmt":"2019-09-19T10:29:28","guid":{"rendered":"http:\/\/santequebec.local\/the-centre\/staff\/"},"modified":"2026-02-19T16:23:14","modified_gmt":"2026-02-19T16:23:14","slug":"notre-equipe","status":"publish","type":"page","link":"https:\/\/ccnpps-ncchpp.ca\/fr\/notre-equipe\/","title":{"rendered":"Notre \u00e9quipe"},"content":{"rendered":"<p>[et_pb_section fb_built=\u00a0\u00bb1&Prime; _builder_version=\u00a0\u00bb3.27.4&Prime;][et_pb_row _builder_version=\u00a0\u00bb3.27.4&Prime;][et_pb_column type=\u00a0\u00bb4_4&Prime; _builder_version=\u00a0\u00bb3.27.4&Prime;][et_pb_text _builder_version=\u00a0\u00bb3.27.4&Prime;]<\/p>\n<h1 class=\"h2\">Notre \u00e9quipe<\/h1>\n<p>[\/et_pb_text][et_pb_members admin_label=\u00a0\u00bbMember\u00a0\u00bb _builder_version=\u00a0\u00bb4.9.1&Prime; hover_enabled=\u00a0\u00bb0&Prime; sticky_enabled=\u00a0\u00bb0&Prime;][et_pb_member heading=\u00a0\u00bbMarianne Jacques\u00a0\u00bb position=\u00a0\u00bbResponsable scientifique\u00a0\u00bb email=\u00a0\u00bbmarianne.jacques@inspq.qc.ca\u00a0\u00bb image=\u00a0\u00bbhttps:\/\/ccnpps-ncchpp.ca\/wp-content\/uploads\/2023\/08\/Marianne300x400.png\u00a0\u00bb _builder_version=\u00a0\u00bb4.9.1&Prime; hover_enabled=\u00a0\u00bb0&Prime; box_shadow_style=\u00a0\u00bbpreset2&Prime; sticky_enabled=\u00a0\u00bb0&Prime;]<\/p>\n<p>Marianne a \u00e9t\u00e9 nomm\u00e9e au poste de responsable du Centre de collaboration nationale sur les politiques publiques et la sant\u00e9 (CCNPPS) en juillet 2024 (elle a assur\u00e9 l&rsquo;int\u00e9rim de septembre 2023 \u00e0 juin 2024). Dans le cadre de ses fonctions au Centre, elle est responsable de la direction scientifique, de la gestion administrative et de la mobilisation de son <a href=\"https:\/\/ccnpps-ncchpp.ca\/fr\/conseil-dorientation\/\">Conseil d\u2019orientation<\/a>. Marianne poss\u00e8de un baccalaur\u00e9at bidisciplinaire en communication et politique et une ma\u00eetrise en science politique avec sp\u00e9cialisation en administration publique de l\u2019Universit\u00e9 de Montr\u00e9al. Elle s\u2019est jointe au Centre en 2007 comme conseill\u00e8re scientifique puis a tenu le r\u00f4le de coordonnatrice de 2015 \u00e0 2023. Marianne est \u00e9galement la coordonnatrice du secr\u00e9tariat du <a href=\"https:\/\/ccnpps-ncchpp.ca\/fr\/sante-dans-toutes-les-politiques\/global-network-for-health-in-all-policies\/\">Global Network for Health in All Policies<\/a> (GNHiAP). Le CCNPPS est un membre actif du GNHIAP et il en assure le mandat de secr\u00e9tariat depuis 2020.<\/p>\n<p>[\/et_pb_member][et_pb_member heading=\u00a0\u00bbLaure Baglini\u00e8re\u00a0\u00bb position=\u00a0\u00bbConseill\u00e8re scientifique sp\u00e9cialis\u00e9e\u00a0\u00bb email=\u00a0\u00bblaure.bagliniere@inspq.qc.ca\u00a0\u00bb image=\u00a0\u00bbhttps:\/\/ccnpps-ncchpp.ca\/wp-content\/uploads\/2024\/09\/Laure-Bagliniere-V2.jpg\u00a0\u00bb _builder_version=\u00a0\u00bb4.9.1&Prime; _module_preset=\u00a0\u00bbdefault\u00a0\u00bb box_shadow_style=\u00a0\u00bbpreset2&Prime;]<\/p>\n<p>Laure s\u2019est jointe au CCNPPS en 2022. Elle est membre du Barreau du Qu\u00e9bec et titulaire d\u2019un doctorat en droit de la sant\u00e9 de l\u2019Universit\u00e9 de Montr\u00e9al et de l\u2019Universit\u00e9 Paris Cit\u00e9. Elle poss\u00e8de une exp\u00e9rience \u00e0 la fois pratique et acad\u00e9mique, ayant travaill\u00e9 comme conseill\u00e8re juridique puis comme avocate avant de poursuivre ses \u00e9tudes doctorales au sein de la Chaire sur la culture collaborative en droit et politiques de la sant\u00e9. Ses recherches ont principalement port\u00e9 sur les syst\u00e8mes de plainte en sant\u00e9 ainsi que sur la m\u00e9diation dans la relation de soin. Au CCNPPS, elle participe aux projets concernant l\u2019<a href=\"https:\/\/ccnpps-ncchpp.ca\/fr\/infrastructure-de-sante-publique\/\">Infrastructure de sant\u00e9 publique<\/a>, en travaillant, entre autres, sur un projet relatif aux capacit\u00e9s d\u2019action des organisations de sant\u00e9 publique sur les politiques publiques favorables \u00e0 la sant\u00e9.<\/p>\n<p>[\/et_pb_member][et_pb_member heading=\u00a0\u00bbNatalia C. Botero\u00a0\u00bb position=\u00a0\u00bbConseill\u00e8re scientifique\u00a0\u00bb email=\u00a0\u00bbnatalia.carrillo-botero@inspq.qc.ca\u00a0\u00bb image=\u00a0\u00bbhttps:\/\/ccnpps-ncchpp.ca\/wp-content\/uploads\/2022\/02\/Natalia_pic.jpg\u00a0\u00bb _builder_version=\u00a0\u00bb4.9.1&Prime; _module_preset=\u00a0\u00bbdefault\u00a0\u00bb box_shadow_style=\u00a0\u00bbpreset2&Prime;]<\/p>\n<p>Natalia d\u00e9tient un dipl\u00f4me de premier cycle en anthropologie de l\u2019Universit\u00e9 des Andes (Colombie) et une ma\u00eetrise en sociologie de l&rsquo;Universit\u00e9 Sorbonne Nouvelle \u2013 Paris 3. Elle a rejoint le CCNPPS en 2022 apr\u00e8s avoir travaill\u00e9 dans diff\u00e9rentes organisations, notamment en sant\u00e9 mondiale et promotion de la sant\u00e9. Au CCNPPS, elle travaille sur le projet <a href=\"https:\/\/ccnpps-ncchpp.ca\/fr\/sante-dans-toutes-les-politiques\/\">Sant\u00e9 dans toutes les politiques<\/a> et coordonne le secr\u00e9tariat du <a href=\"https:\/\/ccnpps-ncchpp.ca\/fr\/reseau-canadien-sur-la-sante-dans-toutes-les-politiques-rcsdtp\/\" target=\"_blank\" rel=\"noopener\">R\u00e9seau canadien sur la Sant\u00e9 dans toutes les politiques<\/a>.<\/p>\n<p>[\/et_pb_member][et_pb_member heading=\u00a0\u00bbMyl\u00e8ne Maguire\u00a0\u00bb position=\u00a0\u00bbAgente de communication\u00a0\u00bb email=\u00a0\u00bbmylene.maguire@inspq.qc.ca\u00a0\u00bb image=\u00a0\u00bbhttps:\/\/ncchpp.wpengine.com\/wp-content\/uploads\/2021\/02\/Mylene_Photo.jpg\u00a0\u00bb _builder_version=\u00a0\u00bb4.9.1&Prime; box_shadow_style=\u00a0\u00bbpreset2&Prime;]Myl\u00e8ne travaille au CCNPPS comme agente de communication depuis 2013. De 2009 \u00e0 2013, elle \u00e9tait la coordonnatrice des communications pour les six Centres de collaboration nationale en sant\u00e9 publique. Elle\u00a0d\u00e9tient un baccalaur\u00e9at en communication publique\u00a0de l&rsquo;Universit\u00e9 Laval. Au CCNPPS, elle est responsable de l\u2019ensemble des activit\u00e9s de diffusion et de promotion des ressources, elle d\u00e9veloppe des outils de communication vari\u00e9s (plan de communication, vid\u00e9os, outils promotionnels) et g\u00e8re les activit\u00e9s num\u00e9riques (site Internet, m\u00e9dias sociaux.) Elle soutient \u00e9galement l\u2019\u00e9quipe pour la tenue des webinaires et le d\u00e9veloppement des formations en ligne.<br \/>\n[\/et_pb_member][et_pb_member heading=\u00a0\u00bbCamille Mercier (en cong\u00e9 de maternit\u00e9)\u00a0\u00bb position=\u00a0\u00bbConseill\u00e8re scientifique\u00a0\u00bb email=\u00a0\u00bbcamille.mercier@inspq.qc.ca\u00a0\u00bb image=\u00a0\u00bbhttps:\/\/ccnpps-ncchpp.ca\/wp-content\/uploads\/2024\/05\/Photo_CM_v2.jpg\u00a0\u00bb _builder_version=\u00a0\u00bb4.9.1&Prime; box_shadow_style=\u00a0\u00bbpreset2&Prime;]<\/p>\n<p>Camille d\u00e9tient un baccalaur\u00e9at en politique appliqu\u00e9e ainsi qu\u2019une ma\u00eetrise en politiques publiques et internationales de l\u2019Universit\u00e9 de Sherbrooke. Avant d\u2019arriver au Centre, elle a travaill\u00e9 notamment \u00e0 l\u2019Agence de la sant\u00e9 publique du Canada dans l\u2019application des mesures de contr\u00f4le de la COVID-19 aux fronti\u00e8res et effectu\u00e9 un stage au CIUSSS de l\u2019Estrie avec l\u2019\u00e9quipe de surveillance de la sant\u00e9 publique. Au CCNPPS, elle travaille sur le projet <a href=\"https:\/\/ccnpps-ncchpp.ca\/fr\/sante-dans-toutes-les-politiques\/\">Sant\u00e9 dans toutes les politiques<\/a> en explorant les effets des p\u00e9riodes de restriction des budgets gouvernementaux sur la gouvernance de la sant\u00e9 publique et en particulier sur la gouvernance intersectorielle.<\/p>\n<p>[\/et_pb_member][et_pb_member heading=\u00a0\u00bbFlorence Morestin\u00a0\u00bb position=\u00a0\u00bbConseill\u00e8re scientifique\u00a0\u00bb email=\u00a0\u00bbflorence.morestin@inspq.qc.ca\u00a0\u00bb image=\u00a0\u00bbhttps:\/\/ncchpp.wpengine.com\/wp-content\/uploads\/2021\/02\/Photo_FM_oct2020-scaled.jpg\u00a0\u00bb _builder_version=\u00a0\u00bb4.9.1&Prime; box_shadow_style=\u00a0\u00bbpreset2&Prime;]<\/p>\n<p>Florence est conseill\u00e8re scientifique au CCNPPS depuis 2009. Elle est form\u00e9e en sant\u00e9 communautaire (M.Sc., Universit\u00e9 de Montr\u00e9al) et en sciences politiques (Institut d\u2019\u00e9tudes politiques d\u2019Aix-en-Provence). Avant de se joindre \u00e0 l\u2019\u00e9quipe du CCNPPS, elle a travaill\u00e9 en sant\u00e9 publique internationale pendant plusieurs ann\u00e9es au cours desquelles elle a acquis de l\u2019exp\u00e9rience en intervention sur le terrain, en \u00e9laboration de politiques, en recherche et en partage de connaissances. Dans son r\u00f4le au Centre, Florence est responsable du projet <a href=\"https:\/\/ccnpps-ncchpp.ca\/fr\/partage-de-connaissances\/\">Partage de connaissances<\/a>, qui se penche sur les mani\u00e8res de faire consid\u00e9rer les connaissances de sant\u00e9 publique lors de l\u2019\u00e9laboration de politiques publiques. Elle contribue \u00e9galement au projet <a href=\"https:\/\/ccnpps-ncchpp.ca\/fr\/analyse-de-politiques-publiques\/\">Analyse de politiques publiques<\/a>.<\/p>\n<p>[\/et_pb_member][et_pb_member heading=\u00a0\u00bbVal Morrison\u00a0\u00bb position=\u00a0\u00bbConseill\u00e8re scientifique\u00a0\u00bb email=\u00a0\u00bbval.morrison@inspq.qc.ca\u00a0\u00bb image=\u00a0\u00bbhttps:\/\/ncchpp.wpengine.com\/wp-content\/uploads\/2021\/02\/photoVal2020.jpg\u00a0\u00bb _builder_version=\u00a0\u00bb4.9.1&Prime; box_shadow_style=\u00a0\u00bbpreset2&Prime;]Val a rejoint le CCNPPS en 2008 \u00e0 titre de conseill\u00e8re scientifique. Elle d\u00e9tient un baccalaur\u00e9at et une ma\u00eetrise en sociologie de l\u2019Universit\u00e9 Concordia o\u00f9 elle a aussi poursuivi une scolarit\u00e9 de doctorat et son examen de synth\u00e8se en th\u00e9orie culturelle, en stratification sociale et en m\u00e9thodologie de la recherche au d\u00e9partement de sociologie de la Carleton University. Ses projets au Centre portent principalement sur les <a href=\"https:\/\/ccnpps-ncchpp.ca\/fr\/inegalites-de-sante\/\">In\u00e9galit\u00e9s de sant\u00e9<\/a>; intersectionalit\u00e9, approches politiques de r\u00e9duction des in\u00e9galit\u00e9s et les probl\u00e8mes vicieux. R\u00e9cemment elle a contribu\u00e9 au projet <a href=\"https:\/\/ccnpps-ncchpp.ca\/fr\/analyse-de-politiques-publiques\/\">Analyse de politiques publiques<\/a>, en examinant les comp\u00e9tences en politiques publiques en sant\u00e9 publique et au projet <a href=\"https:\/\/ccnpps-ncchpp.ca\/fr\/sante-mentale-et-mieux-etre-des-populations\/\">Sant\u00e9 mentale et mieux-\u00eatre des populations<\/a> en travaillant sur les budgets \u00ab bien-\u00eatre \u00bb (<em>wellbeing budgets<\/em>).<br \/>\n[\/et_pb_member][et_pb_member heading=\u00a0\u00bbMarie Provost (en cong\u00e9 de maternit\u00e9)\u00a0\u00bb position=\u00a0\u00bbAgente administrative \u00a0\u00bb email=\u00a0\u00bbmarie.provost@inspq.qc.ca\u00a0\u00bb image=\u00a0\u00bbhttps:\/\/ccnpps-ncchpp.ca\/wp-content\/uploads\/2023\/01\/Marie-1.jpg\u00a0\u00bb _builder_version=\u00a0\u00bb4.9.1&Prime; box_shadow_style=\u00a0\u00bbpreset2&Prime;]<\/p>\n<p>Marie s\u2019est jointe au CCNPPS en 2022. Elle a un baccalaur\u00e9at en \u00e9tudes cin\u00e9matographiques de l\u2019Universit\u00e9 de Montr\u00e9al qu\u2019elle a obtenu en 2019. Apr\u00e8s son baccalaur\u00e9at, elle a \u00e9t\u00e9 adjointe \u00e0 la direction du service \u00e0 la client\u00e8le et repr\u00e9sentante des ressources humaines dans une entreprise de covoiturage ce qui lui a permis d\u2019acqu\u00e9rir des comp\u00e9tences organisationnelles et une rapidit\u00e9 d\u2019adaptation. Marie travaille au Centre en tant qu\u2019agente administrative. Elle s\u2019occupe de soutenir l\u2019\u00e9quipe et sa responsable scientifique dans toutes les d\u00e9marches administratives et organisationnelles.<\/p>\n<p>[\/et_pb_member][et_pb_member heading=\u00a0\u00bbMartin Renauld\u00a0\u00bb position=\u00a0\u00bbConseiller scientifique sp\u00e9cialis\u00e9\u00a0\u00bb email=\u00a0\u00bbmartin.renauld@inspq.qc.ca\u00a0\u00bb image=\u00a0\u00bbhttps:\/\/ncchpp.wpengine.com\/wp-content\/uploads\/2021\/08\/Martin.jpg\u00a0\u00bb _builder_version=\u00a0\u00bb4.9.1&Prime; box_shadow_style=\u00a0\u00bbpreset2&Prime;]<\/p>\n<p>Martin s\u2019est joint au CCNPPS en 2021 apr\u00e8s avoir enseign\u00e9 dans diff\u00e9rentes institutions postsecondaires. Il d\u00e9tient un baccalaur\u00e9at (Universit\u00e9 Bishop\u2019s) et une ma\u00eetrise (Universit\u00e9 de Montr\u00e9al) en histoire ainsi qu\u2019un certificat en science politique (Universit\u00e9 Laval). Il a compl\u00e9t\u00e9 son doctorat en sociologie \u00e0 l\u2019Universit\u00e9 de Buenos Aires et son stage postdoctoral \u00e0 la Chaire de recherche en Mondialisation, Citoyennet\u00e9 et D\u00e9mocratie de l\u2019UQAM. Ses recherches ont principalement port\u00e9 sur l\u2019extractivisme, la mobilisation citoyenne et l\u2019action collective. Au CCNPPS, il travaille sur des projets en lien avec l&rsquo;approche de la <a href=\"https:\/\/ccnpps-ncchpp.ca\/fr\/sante-dans-toutes-les-politiques\/\" rel=\"noopener\">Sant\u00e9 dans toutes les politiques <\/a>et du d\u00e9veloppement des comp\u00e9tences.<\/p>\n<p>[\/et_pb_member][\/et_pb_members][\/et_pb_column][\/et_pb_row][\/et_pb_section]<\/p>\n","protected":false},"excerpt":{"rendered":"<p>D\u00e9couvrez les membres de l&rsquo;\u00e9quipe du CCNPPS!<\/p>\n","protected":false},"author":1,"featured_media":18876,"parent":0,"menu_order":0,"comment_status":"closed","ping_status":"closed","template":"","meta":{"_et_pb_use_builder":"on","_et_pb_old_content":"","_et_gb_content_width":"","footnotes":""},"class_list":["post-874","page","type-page","status-publish","has-post-thumbnail","hentry"],"yoast_head":"<!-- This site is optimized with the Yoast SEO Premium plugin v27.1 (Yoast SEO v27.1.1) - https:\/\/yoast.com\/product\/yoast-seo-premium-wordpress\/ -->\n<title>Notre \u00e9quipe - Centre de collaboration nationale sur les politiques publiques et la sant\u00e9<\/title>\n<meta name=\"description\" content=\"D\u00e9couvrez qui sont les membres de l&#039;\u00e9quipe du Centre de collaboration nationale sur les politiques publiques et la sant\u00e9.\" \/>\n<meta name=\"robots\" content=\"index, follow, max-snippet:-1, max-image-preview:large, max-video-preview:-1\" \/>\n<link rel=\"canonical\" href=\"https:\/\/ccnpps-ncchpp.ca\/fr\/notre-equipe\/\" \/>\n<meta property=\"og:locale\" content=\"fr_FR\" \/>\n<meta property=\"og:type\" content=\"article\" \/>\n<meta property=\"og:title\" content=\"Notre \u00e9quipe\" \/>\n<meta property=\"og:description\" content=\"D\u00e9couvrez qui sont les membres de l&#039;\u00e9quipe du Centre de collaboration nationale sur les politiques publiques et la sant\u00e9.\" \/>\n<meta property=\"og:url\" content=\"https:\/\/ccnpps-ncchpp.ca\/fr\/notre-equipe\/\" \/>\n<meta property=\"og:site_name\" content=\"Centre de collaboration nationale sur les politiques publiques et la sant\u00e9\" \/>\n<meta property=\"article:publisher\" content=\"https:\/\/www.facebook.com\/CCNPPS.NCCHPP\" \/>\n<meta property=\"article:modified_time\" content=\"2026-02-19T16:23:14+00:00\" \/>\n<meta property=\"og:image\" content=\"https:\/\/ccnpps-ncchpp.ca\/wp-content\/uploads\/2021\/06\/Staff300x400.jpg\" \/>\n\t<meta property=\"og:image:width\" content=\"300\" \/>\n\t<meta property=\"og:image:height\" content=\"400\" \/>\n\t<meta property=\"og:image:type\" content=\"image\/jpeg\" \/>\n<meta name=\"twitter:card\" content=\"summary_large_image\" \/>\n<meta name=\"twitter:site\" content=\"@NCCHPP\" \/>\n<meta name=\"twitter:label1\" content=\"Dur\u00e9e de lecture estim\u00e9e\" \/>\n\t<meta name=\"twitter:data1\" content=\"7 minutes\" \/>\n<script type=\"application\/ld+json\" class=\"yoast-schema-graph\">{\"@context\":\"https:\/\/schema.org\",\"@graph\":[{\"@type\":\"WebPage\",\"@id\":\"https:\/\/ccnpps-ncchpp.ca\/fr\/notre-equipe\/\",\"url\":\"https:\/\/ccnpps-ncchpp.ca\/fr\/notre-equipe\/\",\"name\":\"Notre \u00e9quipe - Centre de collaboration nationale sur les politiques publiques et la sant\u00e9\",\"isPartOf\":{\"@id\":\"https:\/\/ccnpps-ncchpp.ca\/fr\/#website\"},\"primaryImageOfPage\":{\"@id\":\"https:\/\/ccnpps-ncchpp.ca\/fr\/notre-equipe\/#primaryimage\"},\"image\":{\"@id\":\"https:\/\/ccnpps-ncchpp.ca\/fr\/notre-equipe\/#primaryimage\"},\"thumbnailUrl\":\"https:\/\/ccnpps-ncchpp.ca\/wp-content\/uploads\/2021\/06\/Staff300x400.jpg\",\"datePublished\":\"2019-09-19T10:29:28+00:00\",\"dateModified\":\"2026-02-19T16:23:14+00:00\",\"description\":\"D\u00e9couvrez qui sont les membres de l'\u00e9quipe du Centre de collaboration nationale sur les politiques publiques et la sant\u00e9.\",\"breadcrumb\":{\"@id\":\"https:\/\/ccnpps-ncchpp.ca\/fr\/notre-equipe\/#breadcrumb\"},\"inLanguage\":\"fr-FR\",\"potentialAction\":[{\"@type\":\"ReadAction\",\"target\":[\"https:\/\/ccnpps-ncchpp.ca\/fr\/notre-equipe\/\"]}]},{\"@type\":\"ImageObject\",\"inLanguage\":\"fr-FR\",\"@id\":\"https:\/\/ccnpps-ncchpp.ca\/fr\/notre-equipe\/#primaryimage\",\"url\":\"https:\/\/ccnpps-ncchpp.ca\/wp-content\/uploads\/2021\/06\/Staff300x400.jpg\",\"contentUrl\":\"https:\/\/ccnpps-ncchpp.ca\/wp-content\/uploads\/2021\/06\/Staff300x400.jpg\",\"width\":300,\"height\":400,\"caption\":\"Image illustrant la page web des membres de l'\u00e9quipe du CCNPPS.\"},{\"@type\":\"BreadcrumbList\",\"@id\":\"https:\/\/ccnpps-ncchpp.ca\/fr\/notre-equipe\/#breadcrumb\",\"itemListElement\":[{\"@type\":\"ListItem\",\"position\":1,\"name\":\"Accueil\",\"item\":\"https:\/\/ccnpps-ncchpp.ca\/fr\/\"},{\"@type\":\"ListItem\",\"position\":2,\"name\":\"Notre \u00e9quipe\"}]},{\"@type\":\"WebSite\",\"@id\":\"https:\/\/ccnpps-ncchpp.ca\/fr\/#website\",\"url\":\"https:\/\/ccnpps-ncchpp.ca\/fr\/\",\"name\":\"Centre de collaboration nationale sur les politiques publiques et la sant\u00e9\",\"description\":\"\",\"publisher\":{\"@id\":\"https:\/\/ccnpps-ncchpp.ca\/fr\/#organization\"},\"potentialAction\":[{\"@type\":\"SearchAction\",\"target\":{\"@type\":\"EntryPoint\",\"urlTemplate\":\"https:\/\/ccnpps-ncchpp.ca\/fr\/?s={search_term_string}\"},\"query-input\":{\"@type\":\"PropertyValueSpecification\",\"valueRequired\":true,\"valueName\":\"search_term_string\"}}],\"inLanguage\":\"fr-FR\"},{\"@type\":\"Organization\",\"@id\":\"https:\/\/ccnpps-ncchpp.ca\/fr\/#organization\",\"name\":\"National Collaborating Centre for Healthy Public Policy\",\"alternateName\":\"CCNPPS\",\"url\":\"https:\/\/ccnpps-ncchpp.ca\/fr\/\",\"logo\":{\"@type\":\"ImageObject\",\"inLanguage\":\"fr-FR\",\"@id\":\"https:\/\/ccnpps-ncchpp.ca\/fr\/#\/schema\/logo\/image\/\",\"url\":\"https:\/\/ccnpps-ncchpp.ca\/wp-content\/uploads\/2021\/05\/Logorond250px.jpg\",\"contentUrl\":\"https:\/\/ccnpps-ncchpp.ca\/wp-content\/uploads\/2021\/05\/Logorond250px.jpg\",\"width\":250,\"height\":250,\"caption\":\"National Collaborating Centre for Healthy Public Policy\"},\"image\":{\"@id\":\"https:\/\/ccnpps-ncchpp.ca\/fr\/#\/schema\/logo\/image\/\"},\"sameAs\":[\"https:\/\/www.facebook.com\/CCNPPS.NCCHPP\",\"https:\/\/x.com\/NCCHPP\",\"https:\/\/twitter.com\/CCNPPS\"]}]}<\/script>\n<!-- \/ Yoast SEO Premium plugin. -->","yoast_head_json":{"title":"Notre \u00e9quipe - Centre de collaboration nationale sur les politiques publiques et la sant\u00e9","description":"D\u00e9couvrez qui sont les membres de l'\u00e9quipe du Centre de collaboration nationale sur les politiques publiques et la sant\u00e9.","robots":{"index":"index","follow":"follow","max-snippet":"max-snippet:-1","max-image-preview":"max-image-preview:large","max-video-preview":"max-video-preview:-1"},"canonical":"https:\/\/ccnpps-ncchpp.ca\/fr\/notre-equipe\/","og_locale":"fr_FR","og_type":"article","og_title":"Notre \u00e9quipe","og_description":"D\u00e9couvrez qui sont les membres de l'\u00e9quipe du Centre de collaboration nationale sur les politiques publiques et la sant\u00e9.","og_url":"https:\/\/ccnpps-ncchpp.ca\/fr\/notre-equipe\/","og_site_name":"Centre de collaboration nationale sur les politiques publiques et la sant\u00e9","article_publisher":"https:\/\/www.facebook.com\/CCNPPS.NCCHPP","article_modified_time":"2026-02-19T16:23:14+00:00","og_image":[{"width":300,"height":400,"url":"https:\/\/ccnpps-ncchpp.ca\/wp-content\/uploads\/2021\/06\/Staff300x400.jpg","type":"image\/jpeg"}],"twitter_card":"summary_large_image","twitter_site":"@NCCHPP","twitter_misc":{"Dur\u00e9e de lecture estim\u00e9e":"7 minutes"},"schema":{"@context":"https:\/\/schema.org","@graph":[{"@type":"WebPage","@id":"https:\/\/ccnpps-ncchpp.ca\/fr\/notre-equipe\/","url":"https:\/\/ccnpps-ncchpp.ca\/fr\/notre-equipe\/","name":"Notre \u00e9quipe - Centre de collaboration nationale sur les politiques publiques et la sant\u00e9","isPartOf":{"@id":"https:\/\/ccnpps-ncchpp.ca\/fr\/#website"},"primaryImageOfPage":{"@id":"https:\/\/ccnpps-ncchpp.ca\/fr\/notre-equipe\/#primaryimage"},"image":{"@id":"https:\/\/ccnpps-ncchpp.ca\/fr\/notre-equipe\/#primaryimage"},"thumbnailUrl":"https:\/\/ccnpps-ncchpp.ca\/wp-content\/uploads\/2021\/06\/Staff300x400.jpg","datePublished":"2019-09-19T10:29:28+00:00","dateModified":"2026-02-19T16:23:14+00:00","description":"D\u00e9couvrez qui sont les membres de l'\u00e9quipe du Centre de collaboration nationale sur les politiques publiques et la sant\u00e9.","breadcrumb":{"@id":"https:\/\/ccnpps-ncchpp.ca\/fr\/notre-equipe\/#breadcrumb"},"inLanguage":"fr-FR","potentialAction":[{"@type":"ReadAction","target":["https:\/\/ccnpps-ncchpp.ca\/fr\/notre-equipe\/"]}]},{"@type":"ImageObject","inLanguage":"fr-FR","@id":"https:\/\/ccnpps-ncchpp.ca\/fr\/notre-equipe\/#primaryimage","url":"https:\/\/ccnpps-ncchpp.ca\/wp-content\/uploads\/2021\/06\/Staff300x400.jpg","contentUrl":"https:\/\/ccnpps-ncchpp.ca\/wp-content\/uploads\/2021\/06\/Staff300x400.jpg","width":300,"height":400,"caption":"Image illustrant la page web des membres de l'\u00e9quipe du CCNPPS."},{"@type":"BreadcrumbList","@id":"https:\/\/ccnpps-ncchpp.ca\/fr\/notre-equipe\/#breadcrumb","itemListElement":[{"@type":"ListItem","position":1,"name":"Accueil","item":"https:\/\/ccnpps-ncchpp.ca\/fr\/"},{"@type":"ListItem","position":2,"name":"Notre \u00e9quipe"}]},{"@type":"WebSite","@id":"https:\/\/ccnpps-ncchpp.ca\/fr\/#website","url":"https:\/\/ccnpps-ncchpp.ca\/fr\/","name":"Centre de collaboration nationale sur les politiques publiques et la sant\u00e9","description":"","publisher":{"@id":"https:\/\/ccnpps-ncchpp.ca\/fr\/#organization"},"potentialAction":[{"@type":"SearchAction","target":{"@type":"EntryPoint","urlTemplate":"https:\/\/ccnpps-ncchpp.ca\/fr\/?s={search_term_string}"},"query-input":{"@type":"PropertyValueSpecification","valueRequired":true,"valueName":"search_term_string"}}],"inLanguage":"fr-FR"},{"@type":"Organization","@id":"https:\/\/ccnpps-ncchpp.ca\/fr\/#organization","name":"National Collaborating Centre for Healthy Public Policy","alternateName":"CCNPPS","url":"https:\/\/ccnpps-ncchpp.ca\/fr\/","logo":{"@type":"ImageObject","inLanguage":"fr-FR","@id":"https:\/\/ccnpps-ncchpp.ca\/fr\/#\/schema\/logo\/image\/","url":"https:\/\/ccnpps-ncchpp.ca\/wp-content\/uploads\/2021\/05\/Logorond250px.jpg","contentUrl":"https:\/\/ccnpps-ncchpp.ca\/wp-content\/uploads\/2021\/05\/Logorond250px.jpg","width":250,"height":250,"caption":"National Collaborating Centre for Healthy Public Policy"},"image":{"@id":"https:\/\/ccnpps-ncchpp.ca\/fr\/#\/schema\/logo\/image\/"},"sameAs":["https:\/\/www.facebook.com\/CCNPPS.NCCHPP","https:\/\/x.com\/NCCHPP","https:\/\/twitter.com\/CCNPPS"]}]}},"_links":{"self":[{"href":"https:\/\/ccnpps-ncchpp.ca\/fr\/wp-json\/wp\/v2\/pages\/874","targetHints":{"allow":["GET"]}}],"collection":[{"href":"https:\/\/ccnpps-ncchpp.ca\/fr\/wp-json\/wp\/v2\/pages"}],"about":[{"href":"https:\/\/ccnpps-ncchpp.ca\/fr\/wp-json\/wp\/v2\/types\/page"}],"author":[{"embeddable":true,"href":"https:\/\/ccnpps-ncchpp.ca\/fr\/wp-json\/wp\/v2\/users\/1"}],"replies":[{"embeddable":true,"href":"https:\/\/ccnpps-ncchpp.ca\/fr\/wp-json\/wp\/v2\/comments?post=874"}],"version-history":[{"count":0,"href":"https:\/\/ccnpps-ncchpp.ca\/fr\/wp-json\/wp\/v2\/pages\/874\/revisions"}],"wp:featuredmedia":[{"embeddable":true,"href":"https:\/\/ccnpps-ncchpp.ca\/fr\/wp-json\/wp\/v2\/media\/18876"}],"wp:attachment":[{"href":"https:\/\/ccnpps-ncchpp.ca\/fr\/wp-json\/wp\/v2\/media?parent=874"}],"curies":[{"name":"wp","href":"https:\/\/api.w.org\/{rel}","templated":true}]}}